{"id":880,"date":"2018-11-12T15:17:10","date_gmt":"2018-11-12T14:17:10","guid":{"rendered":"https:\/\/sporting.co.it\/?page_id=880"},"modified":"2025-10-08T17:16:06","modified_gmt":"2025-10-08T15:16:06","slug":"attivita-motoria-per-la-terza-eta","status":"publish","type":"page","link":"https:\/\/sporting.co.it\/index.php\/attivita-motoria-per-la-terza-eta\/","title":{"rendered":"Attivit\u00e0 Motoria per la TERZA ETA&#8217;"},"content":{"rendered":"<p>Da sempre lo Sporting Faloppio organizza un corso di &#8220;Ginnastica dolce&#8221; dedicato alla Terza Et\u00e0. L&#8217;attivit\u00e0 sportiva e il movimento in generale sono di fondamentale importanza per l&#8217;essere umano. Lo diventano per certi versi ancora di pi\u00f9 con il progredire dell&#8217;et\u00e0, laddove il mantenimento di una completa funzionalit\u00e0 dell&#8217;apparato muscolo-scheletrico influisce notevolmente sulla qualit\u00e0 della vita.<\/p>\n<p>Ed \u00e8 proprio questo l&#8217;obiettivo di questo corso, che si tiene sui nostri campi fin dal 1994. Un&#8217;attivit\u00e0 motoria molto dolce, che mira a migliorare il benessere dei propri iscritti.<\/p>\n<p>Il corso \u00e8 tenuto nel periodo che va da gioved\u00ec 16 ottobre fino a met\u00e0 maggio, due volte alla settimana, il luned\u00ec e il gioved\u00ec dalle 15.00 alle 15.45.<\/p>\n<p>&nbsp;<\/p>\n<p>Grazie alla collaborazione tra lo Sporting Faloppio e il Comune di Faloppio, questo corso \u00e8 offerto gratuitamente ai cittadini residenti sul territorio comunale che abbiano 67 anni o pi\u00f9. Per chiunque altro voglia partecipare, il corso ha un costo mensile di 20 Euro<\/p>\n<p>Numero WhatsApp per contatto 3713190305<\/p>\n<p>Le iscrizioni si ricevono compilando il form online qui sotto&nbsp;<\/p>\n<div class=\"wpforms-container wpforms-container-full\" id=\"wpforms-4226\"><form id=\"wpforms-form-4226\" class=\"wpforms-validate wpforms-form\" data-formid=\"4226\" method=\"post\" enctype=\"multipart\/form-data\" action=\"\/index.php\/wp-json\/wp\/v2\/pages\/880\" data-token=\"7a5bc7beddebdef762b16253c8c918f6\" data-token-time=\"1776223722\"><noscript class=\"wpforms-error-noscript\">Abilita JavaScript nel browser per completare questo modulo.<\/noscript><div class=\"wpforms-field-container\"><div id=\"wpforms-4226-field_0-container\" class=\"wpforms-field wpforms-field-name\" data-field-id=\"0\"><label class=\"wpforms-field-label\" for=\"wpforms-4226-field_0\">Cognome <span class=\"wpforms-required-label\">*<\/span><\/label><input type=\"text\" id=\"wpforms-4226-field_0\" class=\"wpforms-field-small wpforms-field-required\" name=\"wpforms[fields][0]\" required><\/div><div id=\"wpforms-4226-field_36-container\" class=\"wpforms-field wpforms-field-name\" data-field-id=\"36\"><label class=\"wpforms-field-label\" for=\"wpforms-4226-field_36\">Nome <span class=\"wpforms-required-label\">*<\/span><\/label><input type=\"text\" id=\"wpforms-4226-field_36\" class=\"wpforms-field-small wpforms-field-required\" name=\"wpforms[fields][36]\" required><\/div><div id=\"wpforms-4226-field_10-container\" class=\"wpforms-field wpforms-field-text\" data-field-id=\"10\"><label class=\"wpforms-field-label\" for=\"wpforms-4226-field_10\">Comune di Residenza <span class=\"wpforms-required-label\">*<\/span><\/label><input type=\"text\" id=\"wpforms-4226-field_10\" class=\"wpforms-field-medium wpforms-field-required\" name=\"wpforms[fields][10]\" required><\/div><div id=\"wpforms-4226-field_15-container\" class=\"wpforms-field wpforms-field-text\" data-field-id=\"15\"><label class=\"wpforms-field-label\" for=\"wpforms-4226-field_15\">Data di Nascita <span class=\"wpforms-required-label\">*<\/span><\/label><input type=\"text\" id=\"wpforms-4226-field_15\" class=\"wpforms-field-small wpforms-field-required wpforms-masked-input\" data-rule-inputmask-incomplete=\"1\" data-inputmask-mask=\"99-99-9999\" name=\"wpforms[fields][15]\" required><\/div><div id=\"wpforms-4226-field_9-container\" class=\"wpforms-field wpforms-field-number\" data-field-id=\"9\"><label class=\"wpforms-field-label\" for=\"wpforms-4226-field_9\">Numero di Telefono Cellulare <span class=\"wpforms-required-label\">*<\/span><\/label><input type=\"number\" id=\"wpforms-4226-field_9\" class=\"wpforms-field-small wpforms-field-required\" name=\"wpforms[fields][9]\" placeholder=\" \" step=\"any\" required><\/div><div id=\"wpforms-4226-field_1-container\" class=\"wpforms-field wpforms-field-email\" data-field-id=\"1\"><label class=\"wpforms-field-label\">Email  <span class=\"wpforms-required-label\">*<\/span><\/label><div class=\"wpforms-field-row wpforms-field-medium\"><div class=\"wpforms-field-row-block wpforms-one-half wpforms-first\"><input type=\"email\" id=\"wpforms-4226-field_1\" class=\"wpforms-field-required wpforms-field-email-primary\" name=\"wpforms[fields][1][primary]\" spellcheck=\"false\" required><label for=\"wpforms-4226-field_1\" class=\"wpforms-field-sublabel after\">Email<\/label><\/div><div class=\"wpforms-field-row-block wpforms-one-half\"><input type=\"email\" id=\"wpforms-4226-field_1-secondary\" class=\"wpforms-field-email-secondary wpforms-field-required\" data-rule-confirm=\"#wpforms-4226-field_1\" name=\"wpforms[fields][1][secondary]\" spellcheck=\"false\" required><label for=\"wpforms-4226-field_1-secondary\" class=\"wpforms-field-sublabel after\">Conferma email<\/label><\/div><\/div><\/div><div id=\"wpforms-4226-field_31-container\" class=\"wpforms-field wpforms-field-textarea\" data-field-id=\"31\"><label class=\"wpforms-field-label\" for=\"wpforms-4226-field_31\">Note<\/label><textarea id=\"wpforms-4226-field_31\" class=\"wpforms-field-medium\" name=\"wpforms[fields][31]\" ><\/textarea><\/div><div id=\"wpforms-4226-field_30-container\" class=\"wpforms-field wpforms-field-checkbox\" data-field-id=\"30\"><label class=\"wpforms-field-label\">Privacy <span class=\"wpforms-required-label\">*<\/span><\/label><ul id=\"wpforms-4226-field_30\" class=\"wpforms-field-required\"><li class=\"choice-1 depth-1\"><input type=\"checkbox\" id=\"wpforms-4226-field_30_1\" name=\"wpforms[fields][30][]\" value=\"Dichiaro di aver letto e di accettare l&#039;informativa sul trattamento dei dati personali della Societ\u00e0 Sportiva SPORTING, visionabile all&#039;indirizzo https:\/\/sporting.co.it\/index.php\/dati-personali-linformativa-privacy-dello-sporting\/\" required ><label class=\"wpforms-field-label-inline\" for=\"wpforms-4226-field_30_1\">Dichiaro di aver letto e di accettare l'informativa sul trattamento dei dati personali della Societ\u00e0 Sportiva SPORTING, visionabile all'indirizzo https:\/\/sporting.co.it\/index.php\/dati-personali-linformativa-privacy-dello-sporting\/<\/label><\/li><\/ul><div class=\"wpforms-field-description\">(il consenso \u00e8 obbligatorio per poter proseguire con l'iscrizione)<\/div><\/div><\/div><!-- .wpforms-field-container --><div class=\"wpforms-field wpforms-field-hp\"><label for=\"wpforms-4226-field-hp\" class=\"wpforms-field-label\">Phone<\/label><input type=\"text\" name=\"wpforms[hp]\" id=\"wpforms-4226-field-hp\" class=\"wpforms-field-medium\"><\/div><div class=\"wpforms-submit-container\" ><input type=\"hidden\" name=\"wpforms[id]\" value=\"4226\"><input type=\"hidden\" name=\"page_title\" value=\"\"><input type=\"hidden\" name=\"page_url\" value=\"https:\/\/sporting.co.it\/index.php\/wp-json\/wp\/v2\/pages\/880\"><input type=\"hidden\" name=\"url_referer\" value=\"\"><button type=\"submit\" name=\"wpforms[submit]\" id=\"wpforms-submit-4226\" class=\"wpforms-submit\" data-alt-text=\"Invio.....\" data-submit-text=\"Invia Iscrizione\" aria-live=\"assertive\" value=\"wpforms-submit\">Invia Iscrizione<\/button><\/div><\/form><\/div>  <!-- .wpforms-container -->\n\n\n<figure class=\"wp-block-image size-large\"><img loading=\"lazy\" decoding=\"async\" width=\"1024\" height=\"656\" src=\"https:\/\/sporting.co.it\/wp-content\/uploads\/2023\/09\/IMG-20230915-WA0000-1024x656.jpg\" alt=\"\" class=\"wp-image-3355\" srcset=\"https:\/\/sporting.co.it\/wp-content\/uploads\/2023\/09\/IMG-20230915-WA0000-1024x656.jpg 1024w, https:\/\/sporting.co.it\/wp-content\/uploads\/2023\/09\/IMG-20230915-WA0000-300x192.jpg 300w, https:\/\/sporting.co.it\/wp-content\/uploads\/2023\/09\/IMG-20230915-WA0000-768x492.jpg 768w, https:\/\/sporting.co.it\/wp-content\/uploads\/2023\/09\/IMG-20230915-WA0000-600x384.jpg 600w, https:\/\/sporting.co.it\/wp-content\/uploads\/2023\/09\/IMG-20230915-WA0000-945x605.jpg 945w, https:\/\/sporting.co.it\/wp-content\/uploads\/2023\/09\/IMG-20230915-WA0000.jpg 1497w\" sizes=\"auto, (max-width: 1024px) 100vw, 1024px\" \/><\/figure>\n\n\n\n<p class=\"wp-block-paragraph\"><\/p>\n","protected":false},"excerpt":{"rendered":"<p>Da sempre lo Sporting Faloppio organizza un corso di &#8220;Ginnastica dolce&#8221; dedicato alla Terza Et\u00e0. L&#8217;attivit\u00e0 sportiva e il movimento in generale sono di fondamentale importanza per l&#8217;essere umano. Lo diventano per certi versi ancora di pi\u00f9 con il progredire&#8230; <a class=\"more-link\" href=\"https:\/\/sporting.co.it\/index.php\/attivita-motoria-per-la-terza-eta\/\">Continua a leggere &rarr;<\/a><\/p>\n","protected":false},"author":1,"featured_media":881,"parent":0,"menu_order":0,"comment_status":"closed","ping_status":"closed","template":"","meta":{"_crdt_document":"","_exactmetrics_skip_tracking":false,"_exactmetrics_sitenote_active":false,"_exactmetrics_sitenote_note":"","_exactmetrics_sitenote_category":0,"ngg_post_thumbnail":0,"_joinchat":[],"footnotes":""},"class_list":["post-880","page","type-page","status-publish","has-post-thumbnail","hentry"],"yoast_head":"<!-- This site is optimized with the Yoast SEO plugin v27.2 - https:\/\/yoast.com\/product\/yoast-seo-wordpress\/ -->\n<title>Attivit\u00e0 Motoria per la TERZA ETA&#039; - Sporting Faloppio - 100% Tennis &amp; Sport<\/title>\n<meta name=\"robots\" content=\"index, follow, max-snippet:-1, max-image-preview:large, max-video-preview:-1\" \/>\n<link rel=\"canonical\" href=\"https:\/\/sporting.co.it\/index.php\/attivita-motoria-per-la-terza-eta\/\" \/>\n<meta property=\"og:locale\" content=\"it_IT\" \/>\n<meta property=\"og:type\" content=\"article\" \/>\n<meta property=\"og:title\" content=\"Attivit\u00e0 Motoria per la TERZA ETA&#039; - Sporting Faloppio - 100% Tennis &amp; Sport\" \/>\n<meta property=\"og:description\" content=\"Da sempre lo Sporting Faloppio organizza un corso di &#8220;Ginnastica dolce&#8221; dedicato alla Terza Et\u00e0. L&#8217;attivit\u00e0 sportiva e il movimento in generale sono di fondamentale importanza per l&#8217;essere umano. Lo diventano per certi versi ancora di pi\u00f9 con il progredire... Continua a leggere &rarr;\" \/>\n<meta property=\"og:url\" content=\"https:\/\/sporting.co.it\/index.php\/attivita-motoria-per-la-terza-eta\/\" \/>\n<meta property=\"og:site_name\" content=\"Sporting Faloppio - 100% Tennis &amp; Sport\" \/>\n<meta property=\"article:publisher\" content=\"https:\/\/www.facebook.com\/sportingclubfaloppio\/\" \/>\n<meta property=\"article:modified_time\" content=\"2025-10-08T15:16:06+00:00\" \/>\n<meta property=\"og:image\" content=\"https:\/\/sporting.co.it\/wp-content\/uploads\/2018\/11\/IMG_20181108_153557-1024x768.jpg\" \/>\n\t<meta property=\"og:image:width\" content=\"1024\" \/>\n\t<meta property=\"og:image:height\" content=\"768\" \/>\n\t<meta property=\"og:image:type\" content=\"image\/jpeg\" \/>\n<meta name=\"twitter:card\" content=\"summary_large_image\" \/>\n<meta name=\"twitter:label1\" content=\"Tempo di lettura stimato\" \/>\n\t<meta name=\"twitter:data1\" content=\"2 minuti\" \/>\n<script type=\"application\/ld+json\" class=\"yoast-schema-graph\">{\"@context\":\"https:\/\/schema.org\",\"@graph\":[{\"@type\":\"WebPage\",\"@id\":\"https:\/\/sporting.co.it\/index.php\/attivita-motoria-per-la-terza-eta\/\",\"url\":\"https:\/\/sporting.co.it\/index.php\/attivita-motoria-per-la-terza-eta\/\",\"name\":\"Attivit\u00e0 Motoria per la TERZA ETA' - Sporting Faloppio - 100% Tennis &amp; Sport\",\"isPartOf\":{\"@id\":\"https:\/\/sporting.co.it\/#website\"},\"primaryImageOfPage\":{\"@id\":\"https:\/\/sporting.co.it\/index.php\/attivita-motoria-per-la-terza-eta\/#primaryimage\"},\"image\":{\"@id\":\"https:\/\/sporting.co.it\/index.php\/attivita-motoria-per-la-terza-eta\/#primaryimage\"},\"thumbnailUrl\":\"https:\/\/sporting.co.it\/wp-content\/uploads\/2018\/11\/IMG_20181108_153557.jpg\",\"datePublished\":\"2018-11-12T14:17:10+00:00\",\"dateModified\":\"2025-10-08T15:16:06+00:00\",\"breadcrumb\":{\"@id\":\"https:\/\/sporting.co.it\/index.php\/attivita-motoria-per-la-terza-eta\/#breadcrumb\"},\"inLanguage\":\"it-IT\",\"potentialAction\":[{\"@type\":\"ReadAction\",\"target\":[\"https:\/\/sporting.co.it\/index.php\/attivita-motoria-per-la-terza-eta\/\"]}]},{\"@type\":\"ImageObject\",\"inLanguage\":\"it-IT\",\"@id\":\"https:\/\/sporting.co.it\/index.php\/attivita-motoria-per-la-terza-eta\/#primaryimage\",\"url\":\"https:\/\/sporting.co.it\/wp-content\/uploads\/2018\/11\/IMG_20181108_153557.jpg\",\"contentUrl\":\"https:\/\/sporting.co.it\/wp-content\/uploads\/2018\/11\/IMG_20181108_153557.jpg\",\"width\":3968,\"height\":2976,\"caption\":\"dav\"},{\"@type\":\"BreadcrumbList\",\"@id\":\"https:\/\/sporting.co.it\/index.php\/attivita-motoria-per-la-terza-eta\/#breadcrumb\",\"itemListElement\":[{\"@type\":\"ListItem\",\"position\":1,\"name\":\"Home\",\"item\":\"https:\/\/sporting.co.it\/\"},{\"@type\":\"ListItem\",\"position\":2,\"name\":\"Attivit\u00e0 Motoria per la TERZA ETA&#8217;\"}]},{\"@type\":\"WebSite\",\"@id\":\"https:\/\/sporting.co.it\/#website\",\"url\":\"https:\/\/sporting.co.it\/\",\"name\":\"Sporting Faloppio - 100% Tennis e Sport\",\"description\":\"\",\"publisher\":{\"@id\":\"https:\/\/sporting.co.it\/#organization\"},\"potentialAction\":[{\"@type\":\"SearchAction\",\"target\":{\"@type\":\"EntryPoint\",\"urlTemplate\":\"https:\/\/sporting.co.it\/?s={search_term_string}\"},\"query-input\":{\"@type\":\"PropertyValueSpecification\",\"valueRequired\":true,\"valueName\":\"search_term_string\"}}],\"inLanguage\":\"it-IT\"},{\"@type\":\"Organization\",\"@id\":\"https:\/\/sporting.co.it\/#organization\",\"name\":\"Sporting Faloppio\",\"url\":\"https:\/\/sporting.co.it\/\",\"logo\":{\"@type\":\"ImageObject\",\"inLanguage\":\"it-IT\",\"@id\":\"https:\/\/sporting.co.it\/#\/schema\/logo\/image\/\",\"url\":\"https:\/\/sporting.co.it\/wp-content\/uploads\/2018\/08\/ball-court-exercise-7753.jpg\",\"contentUrl\":\"https:\/\/sporting.co.it\/wp-content\/uploads\/2018\/08\/ball-court-exercise-7753.jpg\",\"width\":3264,\"height\":2448,\"caption\":\"Sporting Faloppio\"},\"image\":{\"@id\":\"https:\/\/sporting.co.it\/#\/schema\/logo\/image\/\"},\"sameAs\":[\"https:\/\/www.facebook.com\/sportingclubfaloppio\/\"]}]}<\/script>\n<!-- \/ Yoast SEO plugin. -->","yoast_head_json":{"title":"Attivit\u00e0 Motoria per la TERZA ETA' - Sporting Faloppio - 100% Tennis &amp; Sport","robots":{"index":"index","follow":"follow","max-snippet":"max-snippet:-1","max-image-preview":"max-image-preview:large","max-video-preview":"max-video-preview:-1"},"canonical":"https:\/\/sporting.co.it\/index.php\/attivita-motoria-per-la-terza-eta\/","og_locale":"it_IT","og_type":"article","og_title":"Attivit\u00e0 Motoria per la TERZA ETA' - Sporting Faloppio - 100% Tennis &amp; Sport","og_description":"Da sempre lo Sporting Faloppio organizza un corso di &#8220;Ginnastica dolce&#8221; dedicato alla Terza Et\u00e0. L&#8217;attivit\u00e0 sportiva e il movimento in generale sono di fondamentale importanza per l&#8217;essere umano. Lo diventano per certi versi ancora di pi\u00f9 con il progredire... Continua a leggere &rarr;","og_url":"https:\/\/sporting.co.it\/index.php\/attivita-motoria-per-la-terza-eta\/","og_site_name":"Sporting Faloppio - 100% Tennis &amp; Sport","article_publisher":"https:\/\/www.facebook.com\/sportingclubfaloppio\/","article_modified_time":"2025-10-08T15:16:06+00:00","og_image":[{"width":1024,"height":768,"url":"https:\/\/sporting.co.it\/wp-content\/uploads\/2018\/11\/IMG_20181108_153557-1024x768.jpg","type":"image\/jpeg"}],"twitter_card":"summary_large_image","twitter_misc":{"Tempo di lettura stimato":"2 minuti"},"schema":{"@context":"https:\/\/schema.org","@graph":[{"@type":"WebPage","@id":"https:\/\/sporting.co.it\/index.php\/attivita-motoria-per-la-terza-eta\/","url":"https:\/\/sporting.co.it\/index.php\/attivita-motoria-per-la-terza-eta\/","name":"Attivit\u00e0 Motoria per la TERZA ETA' - Sporting Faloppio - 100% Tennis &amp; Sport","isPartOf":{"@id":"https:\/\/sporting.co.it\/#website"},"primaryImageOfPage":{"@id":"https:\/\/sporting.co.it\/index.php\/attivita-motoria-per-la-terza-eta\/#primaryimage"},"image":{"@id":"https:\/\/sporting.co.it\/index.php\/attivita-motoria-per-la-terza-eta\/#primaryimage"},"thumbnailUrl":"https:\/\/sporting.co.it\/wp-content\/uploads\/2018\/11\/IMG_20181108_153557.jpg","datePublished":"2018-11-12T14:17:10+00:00","dateModified":"2025-10-08T15:16:06+00:00","breadcrumb":{"@id":"https:\/\/sporting.co.it\/index.php\/attivita-motoria-per-la-terza-eta\/#breadcrumb"},"inLanguage":"it-IT","potentialAction":[{"@type":"ReadAction","target":["https:\/\/sporting.co.it\/index.php\/attivita-motoria-per-la-terza-eta\/"]}]},{"@type":"ImageObject","inLanguage":"it-IT","@id":"https:\/\/sporting.co.it\/index.php\/attivita-motoria-per-la-terza-eta\/#primaryimage","url":"https:\/\/sporting.co.it\/wp-content\/uploads\/2018\/11\/IMG_20181108_153557.jpg","contentUrl":"https:\/\/sporting.co.it\/wp-content\/uploads\/2018\/11\/IMG_20181108_153557.jpg","width":3968,"height":2976,"caption":"dav"},{"@type":"BreadcrumbList","@id":"https:\/\/sporting.co.it\/index.php\/attivita-motoria-per-la-terza-eta\/#breadcrumb","itemListElement":[{"@type":"ListItem","position":1,"name":"Home","item":"https:\/\/sporting.co.it\/"},{"@type":"ListItem","position":2,"name":"Attivit\u00e0 Motoria per la TERZA ETA&#8217;"}]},{"@type":"WebSite","@id":"https:\/\/sporting.co.it\/#website","url":"https:\/\/sporting.co.it\/","name":"Sporting Faloppio - 100% Tennis e Sport","description":"","publisher":{"@id":"https:\/\/sporting.co.it\/#organization"},"potentialAction":[{"@type":"SearchAction","target":{"@type":"EntryPoint","urlTemplate":"https:\/\/sporting.co.it\/?s={search_term_string}"},"query-input":{"@type":"PropertyValueSpecification","valueRequired":true,"valueName":"search_term_string"}}],"inLanguage":"it-IT"},{"@type":"Organization","@id":"https:\/\/sporting.co.it\/#organization","name":"Sporting Faloppio","url":"https:\/\/sporting.co.it\/","logo":{"@type":"ImageObject","inLanguage":"it-IT","@id":"https:\/\/sporting.co.it\/#\/schema\/logo\/image\/","url":"https:\/\/sporting.co.it\/wp-content\/uploads\/2018\/08\/ball-court-exercise-7753.jpg","contentUrl":"https:\/\/sporting.co.it\/wp-content\/uploads\/2018\/08\/ball-court-exercise-7753.jpg","width":3264,"height":2448,"caption":"Sporting Faloppio"},"image":{"@id":"https:\/\/sporting.co.it\/#\/schema\/logo\/image\/"},"sameAs":["https:\/\/www.facebook.com\/sportingclubfaloppio\/"]}]}},"_links":{"self":[{"href":"https:\/\/sporting.co.it\/index.php\/wp-json\/wp\/v2\/pages\/880","targetHints":{"allow":["GET"]}}],"collection":[{"href":"https:\/\/sporting.co.it\/index.php\/wp-json\/wp\/v2\/pages"}],"about":[{"href":"https:\/\/sporting.co.it\/index.php\/wp-json\/wp\/v2\/types\/page"}],"author":[{"embeddable":true,"href":"https:\/\/sporting.co.it\/index.php\/wp-json\/wp\/v2\/users\/1"}],"replies":[{"embeddable":true,"href":"https:\/\/sporting.co.it\/index.php\/wp-json\/wp\/v2\/comments?post=880"}],"version-history":[{"count":18,"href":"https:\/\/sporting.co.it\/index.php\/wp-json\/wp\/v2\/pages\/880\/revisions"}],"predecessor-version":[{"id":4230,"href":"https:\/\/sporting.co.it\/index.php\/wp-json\/wp\/v2\/pages\/880\/revisions\/4230"}],"wp:featuredmedia":[{"embeddable":true,"href":"https:\/\/sporting.co.it\/index.php\/wp-json\/wp\/v2\/media\/881"}],"wp:attachment":[{"href":"https:\/\/sporting.co.it\/index.php\/wp-json\/wp\/v2\/media?parent=880"}],"curies":[{"name":"wp","href":"https:\/\/api.w.org\/{rel}","templated":true}]}}