{"id":342,"date":"2018-08-20T21:20:09","date_gmt":"2018-08-20T19:20:09","guid":{"rendered":"http:\/\/sporting.co.it\/?page_id=342"},"modified":"2024-09-21T08:09:10","modified_gmt":"2024-09-21T06:09:10","slug":"crosstraining","status":"publish","type":"page","link":"https:\/\/sporting.co.it\/index.php\/crosstraining\/","title":{"rendered":"CrossTraining"},"content":{"rendered":"<p><em><strong>CrossTraining allo Sporting Faloppio&#8230; Che cos&#8217;\u00e8?<\/strong><\/em><\/p>\n<p>Uno dei punti di forza di questa disciplina, sta nel fatto che \u00e8 un &#8220;allenamento completo&#8221;. Chi si avvicina a questa nostra attivit\u00e0 lo fa molto spesso perch\u00e8 ha sentito dire che questa disciplina fa lavorare tutto il corpo, ed \u00e8 realmente cos\u00ec.<\/p>\n<p>Laddove molte altre discipline di allenamento sportivo lavorano in modo &#8220;selettivo&#8221; su alcuni muscoli o alcuni gruppi muscolari, il CrossTraining prevede lavori ad alta intensit\u00e0 coinvolgendo tutta la muscolatura e con tempi di recupero relativamente brevi.<\/p>\n<p>Un altro fattore che spiega la popolarit\u00e0 di questa disciplina \u00e8 dato dal fatto che i risultati in termini di benessere percepito e miglioramento della forma fisica sono riscontrabili sensibilmente gi\u00e0 nel breve periodo.<\/p>\n<p>I movimenti base di questa disciplina sono movimenti molto naturali e, appunto, completi come lo spingere, il saltare, il tirare verso se stessi, il lanciare, il correre etc. Questi movimenti vengono svolti a corpo libero o con l&#8217;ausilio di attrezzi come manubri, piccoli bilancieri, TRX, Kettlebell, SwissBall etc. Trattandosi appunto di movimenti naturali la pratica di questa disciplina \u00e8 molto semplice e alla portata di tutti.<\/p>\n<p>I nostri allenamenti vengono svolti all&#8217;aperto se le condizioni climatiche lo permettono e su uno dei nostri campi riscaldati o nel locale palestra durante i mesi pi\u00f9 freddi o in caso di pioggia. Il corso di CrossTraining \u00e8 tenuto da Luca Cussigh, Preparatore Atletico dello Sporting Faloppio.<\/p>\n<div id=\"attachment_635\" style=\"width: 259px\" class=\"wp-caption alignright\"><img loading=\"lazy\" decoding=\"async\" aria-describedby=\"caption-attachment-635\" class=\"size-medium wp-image-635\" src=\"https:\/\/sporting.co.it\/wp-content\/uploads\/2018\/09\/luca-249x300.jpg\" alt=\"\" width=\"249\" height=\"300\" srcset=\"https:\/\/sporting.co.it\/wp-content\/uploads\/2018\/09\/luca-249x300.jpg 249w, https:\/\/sporting.co.it\/wp-content\/uploads\/2018\/09\/luca-768x925.jpg 768w, https:\/\/sporting.co.it\/wp-content\/uploads\/2018\/09\/luca-600x723.jpg 600w, https:\/\/sporting.co.it\/wp-content\/uploads\/2018\/09\/luca.jpg 801w\" sizes=\"auto, (max-width: 249px) 100vw, 249px\" \/><p id=\"caption-attachment-635\" class=\"wp-caption-text\">sdr<\/p><\/div>\n<p><em><strong>Tipologia della seduta di allenamento<\/strong><\/em><\/p>\n<p>I nostri allenamenti di gruppo si tengono il mercoled\u00ec dalle 19.00 alle 20.00 e il sabato dalle 10.00 alle 11.00. Oltre a questo orari fissi vengono proposti altri allenamenti settimana per settimana in base alle esigenze e alle richieste degli iscritti. Il costo di partecipazione ad ogni allenamento \u00e8 di 8 euro, iscrivendosi di volta in volta all&#8217;allenamento scelto.<\/p>\n<p>Come per tutte le nostre attivit\u00e0 per prendere parte a questa disciplina si deve presentare il certificato medico per attivit\u00e0 sportiva non agonistica. I nostri iscritti possono usufruire della convenzione con il Centro Medico Medeor di Cavallasca (031.4680769), in virt\u00f9 della quale potranno effettuare la visita medica per Attivit\u00e0 Sportiva non Agonistica, compresa di Elettrocardiogramma, ad un prezzo agevolato.<\/p>\n<p>Se sei interessata\/o scrivici per partecipare ad una seduta gratuita di prova!!!<\/p>\n<p>MAIL <a href=\"mailto:info@sporting.co.it\"><strong>info@sporting.co.it<\/strong><\/a><\/p>\n<p>WhatsApp 371 319 0305<\/p>\n<p>&nbsp;<\/p>\n\n\n<div class=\"wp-block-buttons is-layout-flex wp-block-buttons-is-layout-flex\">\n<div class=\"wp-block-button\"><a class=\"wp-block-button__link wp-element-button\" href=\"https:\/\/sporting.co.it\/index.php\/area-riservata-tabelle-crosstraining\/\" target=\"_blank\" rel=\"noreferrer noopener\">Area Riservata Atleti<\/a><\/div>\n<\/div>\n\n\n","protected":false},"excerpt":{"rendered":"<p>CrossTraining allo Sporting Faloppio&#8230; Che cos&#8217;\u00e8? Uno dei punti di forza di questa disciplina, sta nel fatto che \u00e8 un &#8220;allenamento completo&#8221;. Chi si avvicina a questa nostra attivit\u00e0 lo fa molto spesso perch\u00e8 ha sentito dire che questa disciplina&#8230; <a class=\"more-link\" href=\"https:\/\/sporting.co.it\/index.php\/crosstraining\/\">Continua a leggere &rarr;<\/a><\/p>\n","protected":false},"author":1,"featured_media":626,"parent":0,"menu_order":0,"comment_status":"closed","ping_status":"closed","template":"","meta":{"_crdt_document":"","_exactmetrics_skip_tracking":false,"_exactmetrics_sitenote_active":false,"_exactmetrics_sitenote_note":"","_exactmetrics_sitenote_category":0,"ngg_post_thumbnail":0,"_joinchat":[],"footnotes":""},"class_list":["post-342","page","type-page","status-publish","has-post-thumbnail","hentry"],"yoast_head":"<!-- This site is optimized with the Yoast SEO plugin v27.2 - https:\/\/yoast.com\/product\/yoast-seo-wordpress\/ -->\n<title>CrossTraining - Sporting Faloppio - 100% Tennis &amp; Sport<\/title>\n<meta name=\"robots\" content=\"index, follow, max-snippet:-1, max-image-preview:large, max-video-preview:-1\" \/>\n<link rel=\"canonical\" href=\"https:\/\/sporting.co.it\/index.php\/crosstraining\/\" \/>\n<meta property=\"og:locale\" content=\"it_IT\" \/>\n<meta property=\"og:type\" content=\"article\" \/>\n<meta property=\"og:title\" content=\"CrossTraining - Sporting Faloppio - 100% Tennis &amp; Sport\" \/>\n<meta property=\"og:description\" content=\"CrossTraining allo Sporting Faloppio&#8230; Che cos&#8217;\u00e8? Uno dei punti di forza di questa disciplina, sta nel fatto che \u00e8 un &#8220;allenamento completo&#8221;. Chi si avvicina a questa nostra attivit\u00e0 lo fa molto spesso perch\u00e8 ha sentito dire che questa disciplina... Continua a leggere &rarr;\" \/>\n<meta property=\"og:url\" content=\"https:\/\/sporting.co.it\/index.php\/crosstraining\/\" \/>\n<meta property=\"og:site_name\" content=\"Sporting Faloppio - 100% Tennis &amp; Sport\" \/>\n<meta property=\"article:publisher\" content=\"https:\/\/www.facebook.com\/sportingclubfaloppio\/\" \/>\n<meta property=\"article:modified_time\" content=\"2024-09-21T06:09:10+00:00\" \/>\n<meta property=\"og:image\" content=\"https:\/\/sporting.co.it\/wp-content\/uploads\/2018\/09\/active-beautiful-beauty-866027.jpg\" \/>\n\t<meta property=\"og:image:width\" content=\"6000\" \/>\n\t<meta property=\"og:image:height\" content=\"4000\" \/>\n\t<meta property=\"og:image:type\" content=\"image\/jpeg\" \/>\n<meta name=\"twitter:card\" content=\"summary_large_image\" \/>\n<meta name=\"twitter:label1\" content=\"Tempo di lettura stimato\" \/>\n\t<meta name=\"twitter:data1\" content=\"2 minuti\" \/>\n<script type=\"application\/ld+json\" class=\"yoast-schema-graph\">{\"@context\":\"https:\/\/schema.org\",\"@graph\":[{\"@type\":\"WebPage\",\"@id\":\"https:\/\/sporting.co.it\/index.php\/crosstraining\/\",\"url\":\"https:\/\/sporting.co.it\/index.php\/crosstraining\/\",\"name\":\"CrossTraining - Sporting Faloppio - 100% Tennis &amp; Sport\",\"isPartOf\":{\"@id\":\"https:\/\/sporting.co.it\/#website\"},\"primaryImageOfPage\":{\"@id\":\"https:\/\/sporting.co.it\/index.php\/crosstraining\/#primaryimage\"},\"image\":{\"@id\":\"https:\/\/sporting.co.it\/index.php\/crosstraining\/#primaryimage\"},\"thumbnailUrl\":\"https:\/\/sporting.co.it\/wp-content\/uploads\/2018\/09\/active-beautiful-beauty-866027.jpg\",\"datePublished\":\"2018-08-20T19:20:09+00:00\",\"dateModified\":\"2024-09-21T06:09:10+00:00\",\"breadcrumb\":{\"@id\":\"https:\/\/sporting.co.it\/index.php\/crosstraining\/#breadcrumb\"},\"inLanguage\":\"it-IT\",\"potentialAction\":[{\"@type\":\"ReadAction\",\"target\":[\"https:\/\/sporting.co.it\/index.php\/crosstraining\/\"]}]},{\"@type\":\"ImageObject\",\"inLanguage\":\"it-IT\",\"@id\":\"https:\/\/sporting.co.it\/index.php\/crosstraining\/#primaryimage\",\"url\":\"https:\/\/sporting.co.it\/wp-content\/uploads\/2018\/09\/active-beautiful-beauty-866027.jpg\",\"contentUrl\":\"https:\/\/sporting.co.it\/wp-content\/uploads\/2018\/09\/active-beautiful-beauty-866027.jpg\",\"width\":6000,\"height\":4000},{\"@type\":\"BreadcrumbList\",\"@id\":\"https:\/\/sporting.co.it\/index.php\/crosstraining\/#breadcrumb\",\"itemListElement\":[{\"@type\":\"ListItem\",\"position\":1,\"name\":\"Home\",\"item\":\"https:\/\/sporting.co.it\/\"},{\"@type\":\"ListItem\",\"position\":2,\"name\":\"CrossTraining\"}]},{\"@type\":\"WebSite\",\"@id\":\"https:\/\/sporting.co.it\/#website\",\"url\":\"https:\/\/sporting.co.it\/\",\"name\":\"Sporting Faloppio - 100% Tennis e Sport\",\"description\":\"\",\"publisher\":{\"@id\":\"https:\/\/sporting.co.it\/#organization\"},\"potentialAction\":[{\"@type\":\"SearchAction\",\"target\":{\"@type\":\"EntryPoint\",\"urlTemplate\":\"https:\/\/sporting.co.it\/?s={search_term_string}\"},\"query-input\":{\"@type\":\"PropertyValueSpecification\",\"valueRequired\":true,\"valueName\":\"search_term_string\"}}],\"inLanguage\":\"it-IT\"},{\"@type\":\"Organization\",\"@id\":\"https:\/\/sporting.co.it\/#organization\",\"name\":\"Sporting Faloppio\",\"url\":\"https:\/\/sporting.co.it\/\",\"logo\":{\"@type\":\"ImageObject\",\"inLanguage\":\"it-IT\",\"@id\":\"https:\/\/sporting.co.it\/#\/schema\/logo\/image\/\",\"url\":\"https:\/\/sporting.co.it\/wp-content\/uploads\/2018\/08\/ball-court-exercise-7753.jpg\",\"contentUrl\":\"https:\/\/sporting.co.it\/wp-content\/uploads\/2018\/08\/ball-court-exercise-7753.jpg\",\"width\":3264,\"height\":2448,\"caption\":\"Sporting Faloppio\"},\"image\":{\"@id\":\"https:\/\/sporting.co.it\/#\/schema\/logo\/image\/\"},\"sameAs\":[\"https:\/\/www.facebook.com\/sportingclubfaloppio\/\"]}]}<\/script>\n<!-- \/ Yoast SEO plugin. -->","yoast_head_json":{"title":"CrossTraining - Sporting Faloppio - 100% Tennis &amp; Sport","robots":{"index":"index","follow":"follow","max-snippet":"max-snippet:-1","max-image-preview":"max-image-preview:large","max-video-preview":"max-video-preview:-1"},"canonical":"https:\/\/sporting.co.it\/index.php\/crosstraining\/","og_locale":"it_IT","og_type":"article","og_title":"CrossTraining - Sporting Faloppio - 100% Tennis &amp; Sport","og_description":"CrossTraining allo Sporting Faloppio&#8230; Che cos&#8217;\u00e8? Uno dei punti di forza di questa disciplina, sta nel fatto che \u00e8 un &#8220;allenamento completo&#8221;. Chi si avvicina a questa nostra attivit\u00e0 lo fa molto spesso perch\u00e8 ha sentito dire che questa disciplina... Continua a leggere &rarr;","og_url":"https:\/\/sporting.co.it\/index.php\/crosstraining\/","og_site_name":"Sporting Faloppio - 100% Tennis &amp; Sport","article_publisher":"https:\/\/www.facebook.com\/sportingclubfaloppio\/","article_modified_time":"2024-09-21T06:09:10+00:00","og_image":[{"width":6000,"height":4000,"url":"https:\/\/sporting.co.it\/wp-content\/uploads\/2018\/09\/active-beautiful-beauty-866027.jpg","type":"image\/jpeg"}],"twitter_card":"summary_large_image","twitter_misc":{"Tempo di lettura stimato":"2 minuti"},"schema":{"@context":"https:\/\/schema.org","@graph":[{"@type":"WebPage","@id":"https:\/\/sporting.co.it\/index.php\/crosstraining\/","url":"https:\/\/sporting.co.it\/index.php\/crosstraining\/","name":"CrossTraining - Sporting Faloppio - 100% Tennis &amp; Sport","isPartOf":{"@id":"https:\/\/sporting.co.it\/#website"},"primaryImageOfPage":{"@id":"https:\/\/sporting.co.it\/index.php\/crosstraining\/#primaryimage"},"image":{"@id":"https:\/\/sporting.co.it\/index.php\/crosstraining\/#primaryimage"},"thumbnailUrl":"https:\/\/sporting.co.it\/wp-content\/uploads\/2018\/09\/active-beautiful-beauty-866027.jpg","datePublished":"2018-08-20T19:20:09+00:00","dateModified":"2024-09-21T06:09:10+00:00","breadcrumb":{"@id":"https:\/\/sporting.co.it\/index.php\/crosstraining\/#breadcrumb"},"inLanguage":"it-IT","potentialAction":[{"@type":"ReadAction","target":["https:\/\/sporting.co.it\/index.php\/crosstraining\/"]}]},{"@type":"ImageObject","inLanguage":"it-IT","@id":"https:\/\/sporting.co.it\/index.php\/crosstraining\/#primaryimage","url":"https:\/\/sporting.co.it\/wp-content\/uploads\/2018\/09\/active-beautiful-beauty-866027.jpg","contentUrl":"https:\/\/sporting.co.it\/wp-content\/uploads\/2018\/09\/active-beautiful-beauty-866027.jpg","width":6000,"height":4000},{"@type":"BreadcrumbList","@id":"https:\/\/sporting.co.it\/index.php\/crosstraining\/#breadcrumb","itemListElement":[{"@type":"ListItem","position":1,"name":"Home","item":"https:\/\/sporting.co.it\/"},{"@type":"ListItem","position":2,"name":"CrossTraining"}]},{"@type":"WebSite","@id":"https:\/\/sporting.co.it\/#website","url":"https:\/\/sporting.co.it\/","name":"Sporting Faloppio - 100% Tennis e Sport","description":"","publisher":{"@id":"https:\/\/sporting.co.it\/#organization"},"potentialAction":[{"@type":"SearchAction","target":{"@type":"EntryPoint","urlTemplate":"https:\/\/sporting.co.it\/?s={search_term_string}"},"query-input":{"@type":"PropertyValueSpecification","valueRequired":true,"valueName":"search_term_string"}}],"inLanguage":"it-IT"},{"@type":"Organization","@id":"https:\/\/sporting.co.it\/#organization","name":"Sporting Faloppio","url":"https:\/\/sporting.co.it\/","logo":{"@type":"ImageObject","inLanguage":"it-IT","@id":"https:\/\/sporting.co.it\/#\/schema\/logo\/image\/","url":"https:\/\/sporting.co.it\/wp-content\/uploads\/2018\/08\/ball-court-exercise-7753.jpg","contentUrl":"https:\/\/sporting.co.it\/wp-content\/uploads\/2018\/08\/ball-court-exercise-7753.jpg","width":3264,"height":2448,"caption":"Sporting Faloppio"},"image":{"@id":"https:\/\/sporting.co.it\/#\/schema\/logo\/image\/"},"sameAs":["https:\/\/www.facebook.com\/sportingclubfaloppio\/"]}]}},"_links":{"self":[{"href":"https:\/\/sporting.co.it\/index.php\/wp-json\/wp\/v2\/pages\/342","targetHints":{"allow":["GET"]}}],"collection":[{"href":"https:\/\/sporting.co.it\/index.php\/wp-json\/wp\/v2\/pages"}],"about":[{"href":"https:\/\/sporting.co.it\/index.php\/wp-json\/wp\/v2\/types\/page"}],"author":[{"embeddable":true,"href":"https:\/\/sporting.co.it\/index.php\/wp-json\/wp\/v2\/users\/1"}],"replies":[{"embeddable":true,"href":"https:\/\/sporting.co.it\/index.php\/wp-json\/wp\/v2\/comments?post=342"}],"version-history":[{"count":22,"href":"https:\/\/sporting.co.it\/index.php\/wp-json\/wp\/v2\/pages\/342\/revisions"}],"predecessor-version":[{"id":3758,"href":"https:\/\/sporting.co.it\/index.php\/wp-json\/wp\/v2\/pages\/342\/revisions\/3758"}],"wp:featuredmedia":[{"embeddable":true,"href":"https:\/\/sporting.co.it\/index.php\/wp-json\/wp\/v2\/media\/626"}],"wp:attachment":[{"href":"https:\/\/sporting.co.it\/index.php\/wp-json\/wp\/v2\/media?parent=342"}],"curies":[{"name":"wp","href":"https:\/\/api.w.org\/{rel}","templated":true}]}}