{"id":2516,"date":"2021-04-18T17:55:16","date_gmt":"2021-04-18T15:55:16","guid":{"rendered":"https:\/\/sporting.co.it\/?page_id=2516"},"modified":"2021-04-18T17:55:17","modified_gmt":"2021-04-18T15:55:17","slug":"dati-personali-linformativa-privacy-dello-sporting","status":"publish","type":"page","link":"https:\/\/sporting.co.it\/index.php\/dati-personali-linformativa-privacy-dello-sporting\/","title":{"rendered":"DATI PERSONALI: L&#8217;INFORMATIVA PRIVACY DELLO SPORTING"},"content":{"rendered":"\n<p class=\"has-text-align-center wp-block-paragraph\"><strong>INFORMATIVA<\/strong><\/p>\n\n\n\n<p class=\"has-text-align-center wp-block-paragraph\">(in materia di privacy ai sensi del GDPR \u2013 Regolamento UE n. 679\/2016)<\/p>\n\n\n\n<p class=\"wp-block-paragraph\">Con la presente La informiamo che la Societ\u00e0 Sportiva \u201cSPORTING\u201d , da ora semplicemente Societ\u00e0, con sede in via Falcone 2 a Faloppio (CO) ITALIA, <a href=\"mailto:info@sporting.co.it\">info@sporting.co.it<\/a>&nbsp; in qualit\u00e0 di Titolare e Responsabile, tratter\u00e0 i Suoi dati personali, identificativi ed anagrafici ai sensi dell\u2019articolo 13 del GDPR, con le modalit\u00e0 e le precauzioni appresso indicate:<\/p>\n\n\n\n<p class=\"wp-block-paragraph\">1) <strong>Figure che intervengono nel trattamento<\/strong>.<br>Interessato \u2013 Colui che conferisce i propri dati personali ed al quale la presente informativa \u00e8 rivolta; Titolare del trattamento \u2013 Societ\u00e0 che raccoglie il dato e lo elabora, archivia o trasmette; Responsabile del trattamento \u2013 L\u2019eventuale incaricato del trattamento; Terzo che riceve il dato \u2013 Colui al quale il dato \u00e8 conferito dalla SOCIET\u00c0.<\/p>\n\n\n\n<p class=\"wp-block-paragraph\">&nbsp;2) <strong>Modalit\u00e0 di trattamento<\/strong><br>La raccolta ed il trattamento dei Suoi dati personali avranno luogo, dopo il Suo consenso. Il trattamento potr\u00e0 avvenire anche con l\u2019ausilio di mezzi cartacei, elettronici, informatici o via web per le operazioni indicate dall\u2019art. 4 del Codice e dall\u2019art. 4 n. 2 del GDPR quali: registrazione, organizzazione, consultazione, elaborazione, modificazione, estrazione, utilizzo, comunicazione, cancellazione.<\/p>\n\n\n\n<p class=\"wp-block-paragraph\">3) <strong>Finalit\u00e0 del trattamento<\/strong>.<br>Il trattamento, a seguito del Suo consenso, \u00e8 finalizzato alla gestione della Sua richiesta di iscrizione partecipazione alle attivit\u00e0 proposte, ed al Suo tesseramento, se necessario, alla Federazione Italiana Tennis (FIT) o a qualsiasi altro Ente di promozione sportiva riconosciuto dal CONI al quale la Societ\u00e0 dovesse decidere di affiliarsi al dine di tesserare i propri iscritti ai corsi. All\u2019indirizzo mail, che indicher\u00e0 in sede di richiesta di adesione, saranno inviate comunicazioni relative alla gestione del tesseramento stesso, ivi comprese le comunicazioni per le attivit\u00e0 svolte con la SOCIET\u00c0 e proposte dalla stessa, anche tramite proprie Newsletter periodiche.<\/p>\n\n\n\n<p class=\"wp-block-paragraph\">4) <strong>Obbligatoriet\u00e0 del conferimento<\/strong><br>Il conferimento \u00e8 necessario ed obbligatorio per le citate finalit\u00e0 ed il diniego comporter\u00e0 l\u2019impossibilit\u00e0 di aderire alla SOCIET\u00c0, e alla partecipazione alle attivit\u00e0 sportive proposte.<\/p>\n\n\n\n<p class=\"wp-block-paragraph\">5) <strong>Comunicazione dei dati<\/strong><br>I dati da Lei forniti verranno da noi trattati e comunicati, per le finalit\u00e0 indicate del trattamento, alla FIT o ad altro Ente di promozione sportiva, per le finalit\u00e0 istituzionali conseguenti il tesseramento. La stessa FIT o Ente di promozione sportiva agir\u00e0 in piena autonomia in qualit\u00e0 di Responsabili del trattamento per i rispettivi adempimenti di competenza. Inoltre i dati stessi, a richiesta, saranno comunicati a Pubbliche Amministrazioni per fini di legge.<\/p>\n\n\n\n<p class=\"wp-block-paragraph\">6) <strong>Luogo e modalit\u00e0 di conservazione dei dati<\/strong><br>I dati personali sono conservati, dal Titolare del trattamento, su supporto cartaceo e\/o su server informatici, in luoghi di norma ubicati all\u2019interno della Comunit\u00e0 Europea. A richiesta dell\u2019interessato, in riferimento a quella data, verranno comunicati gli indirizzi di conservazione.<\/p>\n\n\n\n<p class=\"wp-block-paragraph\">7) <strong>Periodo di conservazione dei dati<\/strong><br>I Suoi dati saranno conservati per il periodo previsto dalla normativa vigente FIT\/Ente Ppromozione Sportiva. Decorso tale termine, gli stessi saranno archiviati in file protetti per il periodo previsto dalle normative di legge, ed al termine distrutti.<\/p>\n\n\n\n<p class=\"wp-block-paragraph\">8) <strong>Diritti dell\u2019interessato<\/strong><br>Con specifica istanza, da inviare alla SOCIET\u00c0, Titolare del trattamento, tramite posta ordinaria o posta elettronica, potr\u00e0 conoscere i Suoi dati personali in possesso dell\u2019Ente, chiederne la modifica, la rettifica o la distruzione. Inoltre potr\u00e0 completarli, aggiornarli o richiederne copia. Eventuali richieste di copie su supporto cartaceo non ritirate presso la sede dell\u2019Ente saranno soggette a contributo spese di invio. Potr\u00e0 inoltre, con le stesse modalit\u00e0, revocare il consenso, opporsi al trattamento di tutti o parte dei dati, o chiederne l\u2019invio a terzi da Lei indicati. Potr\u00e0 proporre reclami al Garante per la protezione dei dati personali qualora ritenesse violati i Suoi diritti.<\/p>\n\n\n\n<p class=\"wp-block-paragraph\">9) <strong>Modalit\u00e0 di controllo<\/strong><br>Verranno posti in essere controlli di sicurezza funzionali in ambito informatico e web mediante: &#8211; Controllo e tracciabilit\u00e0 degli accessi mediante ID e Password di livelli diversi; &#8211; Codifica del Trattamento con individuazione e partizione dei processi; &#8211; Sistema di protezione da Malware; &#8211; Minimizzazione dei dati trattati. Verranno predisposti controlli di sicurezza fisici mediante: &#8211; Conservazione di supporti cartacei in luoghi protetti ed accessibili solo a personale incaricato; &#8211; Conservazione dei supporti fisici del server in luogo protetto e Backup dei dati; &#8211; Stipula di contratti accurati in tema di trattamento dei dati personali. Verranno predisposti controlli organizzativi mediante specifica formazione del personale che abbia accesso ai dati personali.<\/p>\n","protected":false},"excerpt":{"rendered":"<p>INFORMATIVA (in materia di privacy ai sensi del GDPR \u2013 Regolamento UE n. 679\/2016) Con la presente La informiamo che la Societ\u00e0 Sportiva \u201cSPORTING\u201d , da ora semplicemente Societ\u00e0, con sede in via Falcone 2 a Faloppio (CO) ITALIA, info@sporting.co.it&nbsp;&#8230; <a class=\"more-link\" href=\"https:\/\/sporting.co.it\/index.php\/dati-personali-linformativa-privacy-dello-sporting\/\">Continua a leggere &rarr;<\/a><\/p>\n","protected":false},"author":1,"featured_media":2517,"parent":0,"menu_order":0,"comment_status":"closed","ping_status":"closed","template":"","meta":{"_crdt_document":"","_exactmetrics_skip_tracking":false,"_exactmetrics_sitenote_active":false,"_exactmetrics_sitenote_note":"","_exactmetrics_sitenote_category":0,"ngg_post_thumbnail":0,"_joinchat":[],"footnotes":""},"class_list":["post-2516","page","type-page","status-publish","has-post-thumbnail","hentry"],"yoast_head":"<!-- This site is optimized with the Yoast SEO plugin v27.2 - https:\/\/yoast.com\/product\/yoast-seo-wordpress\/ -->\n<title>DATI PERSONALI: L&#039;INFORMATIVA PRIVACY DELLO SPORTING - Sporting Faloppio - 100% Tennis &amp; Sport<\/title>\n<meta name=\"robots\" content=\"index, follow, max-snippet:-1, max-image-preview:large, max-video-preview:-1\" \/>\n<link rel=\"canonical\" href=\"https:\/\/sporting.co.it\/index.php\/dati-personali-linformativa-privacy-dello-sporting\/\" \/>\n<meta property=\"og:locale\" content=\"it_IT\" \/>\n<meta property=\"og:type\" content=\"article\" \/>\n<meta property=\"og:title\" content=\"DATI PERSONALI: L&#039;INFORMATIVA PRIVACY DELLO SPORTING - Sporting Faloppio - 100% Tennis &amp; Sport\" \/>\n<meta property=\"og:description\" content=\"INFORMATIVA (in materia di privacy ai sensi del GDPR \u2013 Regolamento UE n. 679\/2016) Con la presente La informiamo che la Societ\u00e0 Sportiva \u201cSPORTING\u201d , da ora semplicemente Societ\u00e0, con sede in via Falcone 2 a Faloppio (CO) ITALIA, info@sporting.co.it&nbsp;... Continua a leggere &rarr;\" \/>\n<meta property=\"og:url\" content=\"https:\/\/sporting.co.it\/index.php\/dati-personali-linformativa-privacy-dello-sporting\/\" \/>\n<meta property=\"og:site_name\" content=\"Sporting Faloppio - 100% Tennis &amp; Sport\" \/>\n<meta property=\"article:publisher\" content=\"https:\/\/www.facebook.com\/sportingclubfaloppio\/\" \/>\n<meta property=\"article:modified_time\" content=\"2021-04-18T15:55:17+00:00\" \/>\n<meta property=\"og:image\" content=\"https:\/\/sporting.co.it\/wp-content\/uploads\/2021\/04\/Gestione-della-Privacy-e-dei-dati-sensibili.jpg\" \/>\n\t<meta property=\"og:image:width\" content=\"620\" \/>\n\t<meta property=\"og:image:height\" content=\"279\" \/>\n\t<meta property=\"og:image:type\" content=\"image\/jpeg\" \/>\n<meta name=\"twitter:card\" content=\"summary_large_image\" \/>\n<meta name=\"twitter:label1\" content=\"Tempo di lettura stimato\" \/>\n\t<meta name=\"twitter:data1\" content=\"3 minuti\" \/>\n<script type=\"application\/ld+json\" class=\"yoast-schema-graph\">{\"@context\":\"https:\/\/schema.org\",\"@graph\":[{\"@type\":\"WebPage\",\"@id\":\"https:\/\/sporting.co.it\/index.php\/dati-personali-linformativa-privacy-dello-sporting\/\",\"url\":\"https:\/\/sporting.co.it\/index.php\/dati-personali-linformativa-privacy-dello-sporting\/\",\"name\":\"DATI PERSONALI: L'INFORMATIVA PRIVACY DELLO SPORTING - Sporting Faloppio - 100% Tennis &amp; Sport\",\"isPartOf\":{\"@id\":\"https:\/\/sporting.co.it\/#website\"},\"primaryImageOfPage\":{\"@id\":\"https:\/\/sporting.co.it\/index.php\/dati-personali-linformativa-privacy-dello-sporting\/#primaryimage\"},\"image\":{\"@id\":\"https:\/\/sporting.co.it\/index.php\/dati-personali-linformativa-privacy-dello-sporting\/#primaryimage\"},\"thumbnailUrl\":\"https:\/\/sporting.co.it\/wp-content\/uploads\/2021\/04\/Gestione-della-Privacy-e-dei-dati-sensibili.jpg\",\"datePublished\":\"2021-04-18T15:55:16+00:00\",\"dateModified\":\"2021-04-18T15:55:17+00:00\",\"breadcrumb\":{\"@id\":\"https:\/\/sporting.co.it\/index.php\/dati-personali-linformativa-privacy-dello-sporting\/#breadcrumb\"},\"inLanguage\":\"it-IT\",\"potentialAction\":[{\"@type\":\"ReadAction\",\"target\":[\"https:\/\/sporting.co.it\/index.php\/dati-personali-linformativa-privacy-dello-sporting\/\"]}]},{\"@type\":\"ImageObject\",\"inLanguage\":\"it-IT\",\"@id\":\"https:\/\/sporting.co.it\/index.php\/dati-personali-linformativa-privacy-dello-sporting\/#primaryimage\",\"url\":\"https:\/\/sporting.co.it\/wp-content\/uploads\/2021\/04\/Gestione-della-Privacy-e-dei-dati-sensibili.jpg\",\"contentUrl\":\"https:\/\/sporting.co.it\/wp-content\/uploads\/2021\/04\/Gestione-della-Privacy-e-dei-dati-sensibili.jpg\",\"width\":620,\"height\":279},{\"@type\":\"BreadcrumbList\",\"@id\":\"https:\/\/sporting.co.it\/index.php\/dati-personali-linformativa-privacy-dello-sporting\/#breadcrumb\",\"itemListElement\":[{\"@type\":\"ListItem\",\"position\":1,\"name\":\"Home\",\"item\":\"https:\/\/sporting.co.it\/\"},{\"@type\":\"ListItem\",\"position\":2,\"name\":\"DATI PERSONALI: L&#8217;INFORMATIVA PRIVACY DELLO SPORTING\"}]},{\"@type\":\"WebSite\",\"@id\":\"https:\/\/sporting.co.it\/#website\",\"url\":\"https:\/\/sporting.co.it\/\",\"name\":\"Sporting Faloppio - 100% Tennis e Sport\",\"description\":\"\",\"publisher\":{\"@id\":\"https:\/\/sporting.co.it\/#organization\"},\"potentialAction\":[{\"@type\":\"SearchAction\",\"target\":{\"@type\":\"EntryPoint\",\"urlTemplate\":\"https:\/\/sporting.co.it\/?s={search_term_string}\"},\"query-input\":{\"@type\":\"PropertyValueSpecification\",\"valueRequired\":true,\"valueName\":\"search_term_string\"}}],\"inLanguage\":\"it-IT\"},{\"@type\":\"Organization\",\"@id\":\"https:\/\/sporting.co.it\/#organization\",\"name\":\"Sporting Faloppio\",\"url\":\"https:\/\/sporting.co.it\/\",\"logo\":{\"@type\":\"ImageObject\",\"inLanguage\":\"it-IT\",\"@id\":\"https:\/\/sporting.co.it\/#\/schema\/logo\/image\/\",\"url\":\"https:\/\/sporting.co.it\/wp-content\/uploads\/2018\/08\/ball-court-exercise-7753.jpg\",\"contentUrl\":\"https:\/\/sporting.co.it\/wp-content\/uploads\/2018\/08\/ball-court-exercise-7753.jpg\",\"width\":3264,\"height\":2448,\"caption\":\"Sporting Faloppio\"},\"image\":{\"@id\":\"https:\/\/sporting.co.it\/#\/schema\/logo\/image\/\"},\"sameAs\":[\"https:\/\/www.facebook.com\/sportingclubfaloppio\/\"]}]}<\/script>\n<!-- \/ Yoast SEO plugin. -->","yoast_head_json":{"title":"DATI PERSONALI: L'INFORMATIVA PRIVACY DELLO SPORTING - Sporting Faloppio - 100% Tennis &amp; Sport","robots":{"index":"index","follow":"follow","max-snippet":"max-snippet:-1","max-image-preview":"max-image-preview:large","max-video-preview":"max-video-preview:-1"},"canonical":"https:\/\/sporting.co.it\/index.php\/dati-personali-linformativa-privacy-dello-sporting\/","og_locale":"it_IT","og_type":"article","og_title":"DATI PERSONALI: L'INFORMATIVA PRIVACY DELLO SPORTING - Sporting Faloppio - 100% Tennis &amp; Sport","og_description":"INFORMATIVA (in materia di privacy ai sensi del GDPR \u2013 Regolamento UE n. 679\/2016) Con la presente La informiamo che la Societ\u00e0 Sportiva \u201cSPORTING\u201d , da ora semplicemente Societ\u00e0, con sede in via Falcone 2 a Faloppio (CO) ITALIA, info@sporting.co.it&nbsp;... Continua a leggere &rarr;","og_url":"https:\/\/sporting.co.it\/index.php\/dati-personali-linformativa-privacy-dello-sporting\/","og_site_name":"Sporting Faloppio - 100% Tennis &amp; Sport","article_publisher":"https:\/\/www.facebook.com\/sportingclubfaloppio\/","article_modified_time":"2021-04-18T15:55:17+00:00","og_image":[{"width":620,"height":279,"url":"https:\/\/sporting.co.it\/wp-content\/uploads\/2021\/04\/Gestione-della-Privacy-e-dei-dati-sensibili.jpg","type":"image\/jpeg"}],"twitter_card":"summary_large_image","twitter_misc":{"Tempo di lettura stimato":"3 minuti"},"schema":{"@context":"https:\/\/schema.org","@graph":[{"@type":"WebPage","@id":"https:\/\/sporting.co.it\/index.php\/dati-personali-linformativa-privacy-dello-sporting\/","url":"https:\/\/sporting.co.it\/index.php\/dati-personali-linformativa-privacy-dello-sporting\/","name":"DATI PERSONALI: L'INFORMATIVA PRIVACY DELLO SPORTING - Sporting Faloppio - 100% Tennis &amp; Sport","isPartOf":{"@id":"https:\/\/sporting.co.it\/#website"},"primaryImageOfPage":{"@id":"https:\/\/sporting.co.it\/index.php\/dati-personali-linformativa-privacy-dello-sporting\/#primaryimage"},"image":{"@id":"https:\/\/sporting.co.it\/index.php\/dati-personali-linformativa-privacy-dello-sporting\/#primaryimage"},"thumbnailUrl":"https:\/\/sporting.co.it\/wp-content\/uploads\/2021\/04\/Gestione-della-Privacy-e-dei-dati-sensibili.jpg","datePublished":"2021-04-18T15:55:16+00:00","dateModified":"2021-04-18T15:55:17+00:00","breadcrumb":{"@id":"https:\/\/sporting.co.it\/index.php\/dati-personali-linformativa-privacy-dello-sporting\/#breadcrumb"},"inLanguage":"it-IT","potentialAction":[{"@type":"ReadAction","target":["https:\/\/sporting.co.it\/index.php\/dati-personali-linformativa-privacy-dello-sporting\/"]}]},{"@type":"ImageObject","inLanguage":"it-IT","@id":"https:\/\/sporting.co.it\/index.php\/dati-personali-linformativa-privacy-dello-sporting\/#primaryimage","url":"https:\/\/sporting.co.it\/wp-content\/uploads\/2021\/04\/Gestione-della-Privacy-e-dei-dati-sensibili.jpg","contentUrl":"https:\/\/sporting.co.it\/wp-content\/uploads\/2021\/04\/Gestione-della-Privacy-e-dei-dati-sensibili.jpg","width":620,"height":279},{"@type":"BreadcrumbList","@id":"https:\/\/sporting.co.it\/index.php\/dati-personali-linformativa-privacy-dello-sporting\/#breadcrumb","itemListElement":[{"@type":"ListItem","position":1,"name":"Home","item":"https:\/\/sporting.co.it\/"},{"@type":"ListItem","position":2,"name":"DATI PERSONALI: L&#8217;INFORMATIVA PRIVACY DELLO SPORTING"}]},{"@type":"WebSite","@id":"https:\/\/sporting.co.it\/#website","url":"https:\/\/sporting.co.it\/","name":"Sporting Faloppio - 100% Tennis e Sport","description":"","publisher":{"@id":"https:\/\/sporting.co.it\/#organization"},"potentialAction":[{"@type":"SearchAction","target":{"@type":"EntryPoint","urlTemplate":"https:\/\/sporting.co.it\/?s={search_term_string}"},"query-input":{"@type":"PropertyValueSpecification","valueRequired":true,"valueName":"search_term_string"}}],"inLanguage":"it-IT"},{"@type":"Organization","@id":"https:\/\/sporting.co.it\/#organization","name":"Sporting Faloppio","url":"https:\/\/sporting.co.it\/","logo":{"@type":"ImageObject","inLanguage":"it-IT","@id":"https:\/\/sporting.co.it\/#\/schema\/logo\/image\/","url":"https:\/\/sporting.co.it\/wp-content\/uploads\/2018\/08\/ball-court-exercise-7753.jpg","contentUrl":"https:\/\/sporting.co.it\/wp-content\/uploads\/2018\/08\/ball-court-exercise-7753.jpg","width":3264,"height":2448,"caption":"Sporting Faloppio"},"image":{"@id":"https:\/\/sporting.co.it\/#\/schema\/logo\/image\/"},"sameAs":["https:\/\/www.facebook.com\/sportingclubfaloppio\/"]}]}},"_links":{"self":[{"href":"https:\/\/sporting.co.it\/index.php\/wp-json\/wp\/v2\/pages\/2516","targetHints":{"allow":["GET"]}}],"collection":[{"href":"https:\/\/sporting.co.it\/index.php\/wp-json\/wp\/v2\/pages"}],"about":[{"href":"https:\/\/sporting.co.it\/index.php\/wp-json\/wp\/v2\/types\/page"}],"author":[{"embeddable":true,"href":"https:\/\/sporting.co.it\/index.php\/wp-json\/wp\/v2\/users\/1"}],"replies":[{"embeddable":true,"href":"https:\/\/sporting.co.it\/index.php\/wp-json\/wp\/v2\/comments?post=2516"}],"version-history":[{"count":2,"href":"https:\/\/sporting.co.it\/index.php\/wp-json\/wp\/v2\/pages\/2516\/revisions"}],"predecessor-version":[{"id":2519,"href":"https:\/\/sporting.co.it\/index.php\/wp-json\/wp\/v2\/pages\/2516\/revisions\/2519"}],"wp:featuredmedia":[{"embeddable":true,"href":"https:\/\/sporting.co.it\/index.php\/wp-json\/wp\/v2\/media\/2517"}],"wp:attachment":[{"href":"https:\/\/sporting.co.it\/index.php\/wp-json\/wp\/v2\/media?parent=2516"}],"curies":[{"name":"wp","href":"https:\/\/api.w.org\/{rel}","templated":true}]}}