{"id":2106,"date":"2020-05-11T15:44:40","date_gmt":"2020-05-11T13:44:40","guid":{"rendered":"https:\/\/sporting.co.it\/?page_id=2106"},"modified":"2020-05-18T15:18:30","modified_gmt":"2020-05-18T13:18:30","slug":"covid19-ecco-il-protocollo-di-regole-da-seguire-allo-sporting-faloppio-per-giocare-a-tennis","status":"publish","type":"page","link":"https:\/\/sporting.co.it\/index.php\/covid19-ecco-il-protocollo-di-regole-da-seguire-allo-sporting-faloppio-per-giocare-a-tennis\/","title":{"rendered":"COVID19 &#8211; ECCO IL PROTOCOLLO DI REGOLE DA SEGUIRE ALLO SPORTING FALOPPIO PER GIOCARE A TENNIS"},"content":{"rendered":"\n<p class=\"wp-block-paragraph\">Cari bambini, ragazzi e adulti che frequentate i nostri 3 campi da tennis, queste sono le regole che da oggi 18 maggio andranno seguite SCRUPOLOSAMENTE per poter giocare liberamente o per partecipare a lezioni individuali o di gruppo:<\/p>\n\n\n\n<ul class=\"wp-block-list\"><li>Dovrete arrivare allo Sporting gi\u00e0 pronti per giocare in quanto non \u00e8 al momento consentito di utilizzare spogliatoi e docce. La mascherina \u00e8 OBBLIGATORIA fino all&#8217;ingresso sul campo da gioco e usciti dal campo stesso<\/li><li>Nel caso di affitto del campo, la quota oraria andr\u00e0 pagata prima dell&#8217;inizio della propria ora. <\/li><li>E&#8217; consigliabile che ognuno di voi abbia sempre con se la propria boccetta personale di gel  per disinfettare frequentemente le mani (su ogni campo troverete comunque un dispenser di gel)<\/li><li>al vostro arrivo \u00e8 comunque obbligatorio lavare molto bene le mani nei servizi che troverete sempre aperti (spogliatoi e docce NON utilizzabili)<\/li><li>In campo potranno entrare SOLO i giocatori (nel caso di affitto) e SOLO gli iscritti ai corsi (nel caso di corsi di tennis per bambini, ragazzi e adulti. E&#8217; VIETATO l&#8217;ingresso in campo ai genitori e\/o agli accompagnatori.<\/li><li>L&#8217;ingresso per il campo 1 e per il campo 2 \u00e8 unico. Si trova di fianco al campo 1, lato prato (i vecchi ingressi con maniglia sono chiusi a chiave)<\/li><li>E&#8217; FONDAMENTALE mantenere sempre la distanza interpersonale di 2m. l&#8217;uno dall&#8217;altro<\/li><li>NON lasciare rifiuti in giro e utilizzare gli appositi contenitori<\/li><li>Dovrete terminare sempre con 5&#8242; di anticipo la vostra ora di gioco per evitare di incrociare chi giocher\u00e0 dopo di voi<\/li><\/ul>\n\n\n\n<p class=\"wp-block-paragraph\">Lo Sporting Faloppio, come societ\u00e0 sportiva affiliata alla Federazione Italiana Tennis si impegna a:<\/p>\n\n\n\n<ul class=\"wp-block-list\"><li>Applicare sempre rigorosamente le disposizioni delle Autorit\u00e0 di Governo e Locali in materia di<br>prevenzione dal Covid-19, in particolare per quanto riguarda il distanziamento interpersonale.<\/li><li>Pubblicare in maniera evidente, sul sito della societ\u00e0 e su apposite locandine affisse all\u2019interno degli<br>impianti, l\u2019elenco delle disposizioni da osservare.<\/li><li>Incrementare al massimo possibile l\u2019impiego del personale per assistere gli utenti.<\/li><li>Installare all&#8217;ingresso del centro e nei principali locali un distributore di gel idroalcolico e predisporre<br>apposita segnaletica per evidenziare la dislocazione loro e di eventuali altre installazioni dove sia<br>possibile lavarsi le mani.<\/li><li>Fornire il personale di mascherine e guanti in lattice.<\/li><li>Provvedere alla pulizia completa delle aree accessibili del circolo prima della sua apertura e, per<br>quanto possibile, alla disinfezione delle strutture sanitarie e dei principali punti di contatto da<br>effettuarsi almeno una volta al giorno.<\/li><li>Pulire tutte le superfici pi\u00f9 volte al giorno.<\/li><li>Far rispettare in ogni caso la regola della distanza minima di due metri tra le persone e l&#8217;uso di una<br>mascherina da chiunque sia presente nel centro al di fuori dei giocatori che giocano in campo.<\/li><li>Mantenere sempre chiusi spogliatoi e docce.<\/li><li>Rimuovere o tenere sempre in posizione aperta tutte le porte e i cancelli, inclusi quelli di accesso ai<br>campi, in modo da evitare che sia necessario toccarli per aprirli.<\/li><li>Limitare le attivit\u00e0 al gioco del tennis, su<br>prenotazione, limitatamente al singolare.<\/li><li>Ridurre l\u2019orario di utilizzazione dei campi in modo da lasciare un intervallo fra una seduta di gioco e<br>quella successiva, ed eventualmente programmare le prenotazioni dei campi ad orari diversi per<br>evitare il sovraffollamento.<\/li><li>Organizzare l\u2019entrata e l\u2019uscita dall\u2019impianto con percorsi e cartelli in modo da mantenere le distanze<br>di sicurezza.<\/li><li>Utilizzare sistemi di prenotazione online.<\/li><li>Interdire l\u2019accesso a tutte le aree che potrebbero favorire assembramenti.<\/li><li>Mettere a disposizione dei giocatori su ogni campo: un distributore di gel idroalcolico, un prodotto<br>detergente disinfettante.<\/li><li>Limitare l\u2019accesso agli impianti a non prima di 10 minuti di anticipo sull\u2019orario previsto per l\u2019entrata<br>in campo.<\/li><li>Prevedere che ogni Under 18 sia accompagnato da un genitore\/tutore, o, qualora ci\u00f2 non fosse<br>possibile, porti con s\u00e9 un\u2019autorizzazione scritta da parte del genitore\/tutore.<\/li><li>Individuare all\u2019interno della propria struttura organizzativa uno o pi\u00f9 referenti sul tema di misure di<br>prevenzione da contagio da Covid-19, al quale\/ai quali gli operatori sportivi possano rivolgersi per<br>qualsiasi bisogno (richiesta di informazioni o necessit\u00e0 di comunicazioni).<\/li><li>Fare in modo che gli operatori addetti ai campi evitino rigorosamente di toccare le palle da tennis a<br>mani nude. Anche se non ci sono prove scientifiche della capacit\u00e0 specifica del virus di essere<br>trasmesso attraverso di esse, \u00e8 noto che i \u201cdroplet\u201d infetti possono sopravvivere per molte ore sulle<br>superfici con le quali vengono a contatto.<\/li><li>Cercare di far utilizzare palle nuove a ogni gruppo di utenti o disinfettarle con uno spray igienizzante<br>alla fine di ogni seduta di gioco.<\/li><li>Per le lezioni individuali, suggerire che ogni allievo utilizzi sempre e soltanto palle da lui stesso<br>portate.<br>Tutti i giocatori sono invitati a:<\/li><li>Rispettare le disposizioni Statali, Locali e del Centro Sportivo.<\/li><li>Pulire a fondo il loro materiale di gioco.<\/li><li>Lavarsi o disinfettarsi le mani.<\/li><li>Mantenere sempre la distanza di sicurezza di due metri dagli altri giocatori.<\/li><li>Portare in campo la bottiglia d\u2019acqua personale e bere solo da quella.<\/li><li>Non toccare le recinzioni prima di entrare in campo.<\/li><li>Indossare un guanto sulla mano non dominante oppure disinfettare le mani ogni fine game.<\/li><li>Non toccarsi il viso con le mani.<\/li><li>Se possibile giocare con due tubi di palle diversi (chi serve utilizza il suo tubo di palle) ed usare<br>racchetta e piede per raccogliere le palline e mandarle all\u2019avversario.<\/li><li>Salutare e ringraziare usando soltanto la racchetta.<\/li><li>Dopo aver giocato cambiare subito, se possibile, l\u2019overgrip della racchetta.<\/li><li>Dopo aver giocato lavarsi o disinfettarsi le mani.<\/li><li>Fare la doccia a casa.<\/li><\/ul>\n","protected":false},"excerpt":{"rendered":"<p>Cari bambini, ragazzi e adulti che frequentate i nostri 3 campi da tennis, queste sono le regole che da oggi 18 maggio andranno seguite SCRUPOLOSAMENTE per poter giocare liberamente o per partecipare a lezioni individuali o di gruppo: Dovrete arrivare&#8230; <a class=\"more-link\" href=\"https:\/\/sporting.co.it\/index.php\/covid19-ecco-il-protocollo-di-regole-da-seguire-allo-sporting-faloppio-per-giocare-a-tennis\/\">Continua a leggere &rarr;<\/a><\/p>\n","protected":false},"author":1,"featured_media":1774,"parent":0,"menu_order":0,"comment_status":"closed","ping_status":"closed","template":"","meta":{"_crdt_document":"","_exactmetrics_skip_tracking":false,"_exactmetrics_sitenote_active":false,"_exactmetrics_sitenote_note":"","_exactmetrics_sitenote_category":0,"ngg_post_thumbnail":0,"_joinchat":[],"footnotes":""},"class_list":["post-2106","page","type-page","status-publish","has-post-thumbnail","hentry"],"yoast_head":"<!-- This site is optimized with the Yoast SEO plugin v27.4 - https:\/\/yoast.com\/product\/yoast-seo-wordpress\/ -->\n<title>COVID19 - ECCO IL PROTOCOLLO DI REGOLE DA SEGUIRE ALLO SPORTING FALOPPIO PER GIOCARE A TENNIS - Sporting Faloppio - 100% Tennis &amp; Sport<\/title>\n<meta name=\"robots\" content=\"index, follow, max-snippet:-1, max-image-preview:large, max-video-preview:-1\" \/>\n<link rel=\"canonical\" href=\"https:\/\/sporting.co.it\/index.php\/covid19-ecco-il-protocollo-di-regole-da-seguire-allo-sporting-faloppio-per-giocare-a-tennis\/\" \/>\n<meta property=\"og:locale\" content=\"it_IT\" \/>\n<meta property=\"og:type\" content=\"article\" \/>\n<meta property=\"og:title\" content=\"COVID19 - ECCO IL PROTOCOLLO DI REGOLE DA SEGUIRE ALLO SPORTING FALOPPIO PER GIOCARE A TENNIS - Sporting Faloppio - 100% Tennis &amp; Sport\" \/>\n<meta property=\"og:description\" content=\"Cari bambini, ragazzi e adulti che frequentate i nostri 3 campi da tennis, queste sono le regole che da oggi 18 maggio andranno seguite SCRUPOLOSAMENTE per poter giocare liberamente o per partecipare a lezioni individuali o di gruppo: Dovrete arrivare... Continua a leggere &rarr;\" \/>\n<meta property=\"og:url\" content=\"https:\/\/sporting.co.it\/index.php\/covid19-ecco-il-protocollo-di-regole-da-seguire-allo-sporting-faloppio-per-giocare-a-tennis\/\" \/>\n<meta property=\"og:site_name\" content=\"Sporting Faloppio - 100% Tennis &amp; Sport\" \/>\n<meta property=\"article:publisher\" content=\"https:\/\/www.facebook.com\/sportingclubfaloppio\/\" \/>\n<meta property=\"article:modified_time\" content=\"2020-05-18T13:18:30+00:00\" \/>\n<meta property=\"og:image\" content=\"https:\/\/sporting.co.it\/wp-content\/uploads\/2020\/03\/coronavirus-20.jpg\" \/>\n\t<meta property=\"og:image:width\" content=\"956\" \/>\n\t<meta property=\"og:image:height\" content=\"538\" \/>\n\t<meta property=\"og:image:type\" content=\"image\/jpeg\" \/>\n<meta name=\"twitter:card\" content=\"summary_large_image\" \/>\n<meta name=\"twitter:label1\" content=\"Tempo di lettura stimato\" \/>\n\t<meta name=\"twitter:data1\" content=\"4 minuti\" \/>\n<script type=\"application\/ld+json\" class=\"yoast-schema-graph\">{\"@context\":\"https:\\\/\\\/schema.org\",\"@graph\":[{\"@type\":\"WebPage\",\"@id\":\"https:\\\/\\\/sporting.co.it\\\/index.php\\\/covid19-ecco-il-protocollo-di-regole-da-seguire-allo-sporting-faloppio-per-giocare-a-tennis\\\/\",\"url\":\"https:\\\/\\\/sporting.co.it\\\/index.php\\\/covid19-ecco-il-protocollo-di-regole-da-seguire-allo-sporting-faloppio-per-giocare-a-tennis\\\/\",\"name\":\"COVID19 - ECCO IL PROTOCOLLO DI REGOLE DA SEGUIRE ALLO SPORTING FALOPPIO PER GIOCARE A TENNIS - Sporting Faloppio - 100% Tennis &amp; Sport\",\"isPartOf\":{\"@id\":\"https:\\\/\\\/sporting.co.it\\\/#website\"},\"primaryImageOfPage\":{\"@id\":\"https:\\\/\\\/sporting.co.it\\\/index.php\\\/covid19-ecco-il-protocollo-di-regole-da-seguire-allo-sporting-faloppio-per-giocare-a-tennis\\\/#primaryimage\"},\"image\":{\"@id\":\"https:\\\/\\\/sporting.co.it\\\/index.php\\\/covid19-ecco-il-protocollo-di-regole-da-seguire-allo-sporting-faloppio-per-giocare-a-tennis\\\/#primaryimage\"},\"thumbnailUrl\":\"https:\\\/\\\/sporting.co.it\\\/wp-content\\\/uploads\\\/2020\\\/03\\\/coronavirus-20.jpg\",\"datePublished\":\"2020-05-11T13:44:40+00:00\",\"dateModified\":\"2020-05-18T13:18:30+00:00\",\"breadcrumb\":{\"@id\":\"https:\\\/\\\/sporting.co.it\\\/index.php\\\/covid19-ecco-il-protocollo-di-regole-da-seguire-allo-sporting-faloppio-per-giocare-a-tennis\\\/#breadcrumb\"},\"inLanguage\":\"it-IT\",\"potentialAction\":[{\"@type\":\"ReadAction\",\"target\":[\"https:\\\/\\\/sporting.co.it\\\/index.php\\\/covid19-ecco-il-protocollo-di-regole-da-seguire-allo-sporting-faloppio-per-giocare-a-tennis\\\/\"]}]},{\"@type\":\"ImageObject\",\"inLanguage\":\"it-IT\",\"@id\":\"https:\\\/\\\/sporting.co.it\\\/index.php\\\/covid19-ecco-il-protocollo-di-regole-da-seguire-allo-sporting-faloppio-per-giocare-a-tennis\\\/#primaryimage\",\"url\":\"https:\\\/\\\/sporting.co.it\\\/wp-content\\\/uploads\\\/2020\\\/03\\\/coronavirus-20.jpg\",\"contentUrl\":\"https:\\\/\\\/sporting.co.it\\\/wp-content\\\/uploads\\\/2020\\\/03\\\/coronavirus-20.jpg\",\"width\":956,\"height\":538},{\"@type\":\"BreadcrumbList\",\"@id\":\"https:\\\/\\\/sporting.co.it\\\/index.php\\\/covid19-ecco-il-protocollo-di-regole-da-seguire-allo-sporting-faloppio-per-giocare-a-tennis\\\/#breadcrumb\",\"itemListElement\":[{\"@type\":\"ListItem\",\"position\":1,\"name\":\"Home\",\"item\":\"https:\\\/\\\/sporting.co.it\\\/\"},{\"@type\":\"ListItem\",\"position\":2,\"name\":\"COVID19 &#8211; ECCO IL PROTOCOLLO DI REGOLE DA SEGUIRE ALLO SPORTING FALOPPIO PER GIOCARE A TENNIS\"}]},{\"@type\":\"WebSite\",\"@id\":\"https:\\\/\\\/sporting.co.it\\\/#website\",\"url\":\"https:\\\/\\\/sporting.co.it\\\/\",\"name\":\"Sporting Faloppio - 100% Tennis e Sport\",\"description\":\"\",\"publisher\":{\"@id\":\"https:\\\/\\\/sporting.co.it\\\/#organization\"},\"potentialAction\":[{\"@type\":\"SearchAction\",\"target\":{\"@type\":\"EntryPoint\",\"urlTemplate\":\"https:\\\/\\\/sporting.co.it\\\/?s={search_term_string}\"},\"query-input\":{\"@type\":\"PropertyValueSpecification\",\"valueRequired\":true,\"valueName\":\"search_term_string\"}}],\"inLanguage\":\"it-IT\"},{\"@type\":\"Organization\",\"@id\":\"https:\\\/\\\/sporting.co.it\\\/#organization\",\"name\":\"Sporting Faloppio\",\"url\":\"https:\\\/\\\/sporting.co.it\\\/\",\"logo\":{\"@type\":\"ImageObject\",\"inLanguage\":\"it-IT\",\"@id\":\"https:\\\/\\\/sporting.co.it\\\/#\\\/schema\\\/logo\\\/image\\\/\",\"url\":\"https:\\\/\\\/sporting.co.it\\\/wp-content\\\/uploads\\\/2018\\\/08\\\/ball-court-exercise-7753.jpg\",\"contentUrl\":\"https:\\\/\\\/sporting.co.it\\\/wp-content\\\/uploads\\\/2018\\\/08\\\/ball-court-exercise-7753.jpg\",\"width\":3264,\"height\":2448,\"caption\":\"Sporting Faloppio\"},\"image\":{\"@id\":\"https:\\\/\\\/sporting.co.it\\\/#\\\/schema\\\/logo\\\/image\\\/\"},\"sameAs\":[\"https:\\\/\\\/www.facebook.com\\\/sportingclubfaloppio\\\/\"]}]}<\/script>\n<!-- \/ Yoast SEO plugin. -->","yoast_head_json":{"title":"COVID19 - ECCO IL PROTOCOLLO DI REGOLE DA SEGUIRE ALLO SPORTING FALOPPIO PER GIOCARE A TENNIS - Sporting Faloppio - 100% Tennis &amp; Sport","robots":{"index":"index","follow":"follow","max-snippet":"max-snippet:-1","max-image-preview":"max-image-preview:large","max-video-preview":"max-video-preview:-1"},"canonical":"https:\/\/sporting.co.it\/index.php\/covid19-ecco-il-protocollo-di-regole-da-seguire-allo-sporting-faloppio-per-giocare-a-tennis\/","og_locale":"it_IT","og_type":"article","og_title":"COVID19 - ECCO IL PROTOCOLLO DI REGOLE DA SEGUIRE ALLO SPORTING FALOPPIO PER GIOCARE A TENNIS - Sporting Faloppio - 100% Tennis &amp; Sport","og_description":"Cari bambini, ragazzi e adulti che frequentate i nostri 3 campi da tennis, queste sono le regole che da oggi 18 maggio andranno seguite SCRUPOLOSAMENTE per poter giocare liberamente o per partecipare a lezioni individuali o di gruppo: Dovrete arrivare... Continua a leggere &rarr;","og_url":"https:\/\/sporting.co.it\/index.php\/covid19-ecco-il-protocollo-di-regole-da-seguire-allo-sporting-faloppio-per-giocare-a-tennis\/","og_site_name":"Sporting Faloppio - 100% Tennis &amp; Sport","article_publisher":"https:\/\/www.facebook.com\/sportingclubfaloppio\/","article_modified_time":"2020-05-18T13:18:30+00:00","og_image":[{"width":956,"height":538,"url":"https:\/\/sporting.co.it\/wp-content\/uploads\/2020\/03\/coronavirus-20.jpg","type":"image\/jpeg"}],"twitter_card":"summary_large_image","twitter_misc":{"Tempo di lettura stimato":"4 minuti"},"schema":{"@context":"https:\/\/schema.org","@graph":[{"@type":"WebPage","@id":"https:\/\/sporting.co.it\/index.php\/covid19-ecco-il-protocollo-di-regole-da-seguire-allo-sporting-faloppio-per-giocare-a-tennis\/","url":"https:\/\/sporting.co.it\/index.php\/covid19-ecco-il-protocollo-di-regole-da-seguire-allo-sporting-faloppio-per-giocare-a-tennis\/","name":"COVID19 - ECCO IL PROTOCOLLO DI REGOLE DA SEGUIRE ALLO SPORTING FALOPPIO PER GIOCARE A TENNIS - Sporting Faloppio - 100% Tennis &amp; Sport","isPartOf":{"@id":"https:\/\/sporting.co.it\/#website"},"primaryImageOfPage":{"@id":"https:\/\/sporting.co.it\/index.php\/covid19-ecco-il-protocollo-di-regole-da-seguire-allo-sporting-faloppio-per-giocare-a-tennis\/#primaryimage"},"image":{"@id":"https:\/\/sporting.co.it\/index.php\/covid19-ecco-il-protocollo-di-regole-da-seguire-allo-sporting-faloppio-per-giocare-a-tennis\/#primaryimage"},"thumbnailUrl":"https:\/\/sporting.co.it\/wp-content\/uploads\/2020\/03\/coronavirus-20.jpg","datePublished":"2020-05-11T13:44:40+00:00","dateModified":"2020-05-18T13:18:30+00:00","breadcrumb":{"@id":"https:\/\/sporting.co.it\/index.php\/covid19-ecco-il-protocollo-di-regole-da-seguire-allo-sporting-faloppio-per-giocare-a-tennis\/#breadcrumb"},"inLanguage":"it-IT","potentialAction":[{"@type":"ReadAction","target":["https:\/\/sporting.co.it\/index.php\/covid19-ecco-il-protocollo-di-regole-da-seguire-allo-sporting-faloppio-per-giocare-a-tennis\/"]}]},{"@type":"ImageObject","inLanguage":"it-IT","@id":"https:\/\/sporting.co.it\/index.php\/covid19-ecco-il-protocollo-di-regole-da-seguire-allo-sporting-faloppio-per-giocare-a-tennis\/#primaryimage","url":"https:\/\/sporting.co.it\/wp-content\/uploads\/2020\/03\/coronavirus-20.jpg","contentUrl":"https:\/\/sporting.co.it\/wp-content\/uploads\/2020\/03\/coronavirus-20.jpg","width":956,"height":538},{"@type":"BreadcrumbList","@id":"https:\/\/sporting.co.it\/index.php\/covid19-ecco-il-protocollo-di-regole-da-seguire-allo-sporting-faloppio-per-giocare-a-tennis\/#breadcrumb","itemListElement":[{"@type":"ListItem","position":1,"name":"Home","item":"https:\/\/sporting.co.it\/"},{"@type":"ListItem","position":2,"name":"COVID19 &#8211; ECCO IL PROTOCOLLO DI REGOLE DA SEGUIRE ALLO SPORTING FALOPPIO PER GIOCARE A TENNIS"}]},{"@type":"WebSite","@id":"https:\/\/sporting.co.it\/#website","url":"https:\/\/sporting.co.it\/","name":"Sporting Faloppio - 100% Tennis e Sport","description":"","publisher":{"@id":"https:\/\/sporting.co.it\/#organization"},"potentialAction":[{"@type":"SearchAction","target":{"@type":"EntryPoint","urlTemplate":"https:\/\/sporting.co.it\/?s={search_term_string}"},"query-input":{"@type":"PropertyValueSpecification","valueRequired":true,"valueName":"search_term_string"}}],"inLanguage":"it-IT"},{"@type":"Organization","@id":"https:\/\/sporting.co.it\/#organization","name":"Sporting Faloppio","url":"https:\/\/sporting.co.it\/","logo":{"@type":"ImageObject","inLanguage":"it-IT","@id":"https:\/\/sporting.co.it\/#\/schema\/logo\/image\/","url":"https:\/\/sporting.co.it\/wp-content\/uploads\/2018\/08\/ball-court-exercise-7753.jpg","contentUrl":"https:\/\/sporting.co.it\/wp-content\/uploads\/2018\/08\/ball-court-exercise-7753.jpg","width":3264,"height":2448,"caption":"Sporting Faloppio"},"image":{"@id":"https:\/\/sporting.co.it\/#\/schema\/logo\/image\/"},"sameAs":["https:\/\/www.facebook.com\/sportingclubfaloppio\/"]}]}},"_links":{"self":[{"href":"https:\/\/sporting.co.it\/index.php\/wp-json\/wp\/v2\/pages\/2106","targetHints":{"allow":["GET"]}}],"collection":[{"href":"https:\/\/sporting.co.it\/index.php\/wp-json\/wp\/v2\/pages"}],"about":[{"href":"https:\/\/sporting.co.it\/index.php\/wp-json\/wp\/v2\/types\/page"}],"author":[{"embeddable":true,"href":"https:\/\/sporting.co.it\/index.php\/wp-json\/wp\/v2\/users\/1"}],"replies":[{"embeddable":true,"href":"https:\/\/sporting.co.it\/index.php\/wp-json\/wp\/v2\/comments?post=2106"}],"version-history":[{"count":2,"href":"https:\/\/sporting.co.it\/index.php\/wp-json\/wp\/v2\/pages\/2106\/revisions"}],"predecessor-version":[{"id":2127,"href":"https:\/\/sporting.co.it\/index.php\/wp-json\/wp\/v2\/pages\/2106\/revisions\/2127"}],"wp:featuredmedia":[{"embeddable":true,"href":"https:\/\/sporting.co.it\/index.php\/wp-json\/wp\/v2\/media\/1774"}],"wp:attachment":[{"href":"https:\/\/sporting.co.it\/index.php\/wp-json\/wp\/v2\/media?parent=2106"}],"curies":[{"name":"wp","href":"https:\/\/api.w.org\/{rel}","templated":true}]}}