{"id":135,"date":"2018-07-26T14:49:47","date_gmt":"2018-07-26T12:49:47","guid":{"rendered":"http:\/\/sporting.co.it\/?page_id=135"},"modified":"2018-07-27T10:10:06","modified_gmt":"2018-07-27T08:10:06","slug":"modulo-iscrizione-settore-agonistico-e-pre-agonistico","status":"publish","type":"page","link":"https:\/\/sporting.co.it\/index.php\/modulo-iscrizione-settore-agonistico-e-pre-agonistico\/","title":{"rendered":"Modulo Iscrizione Settore Agonistico e Pre-Agonistico"},"content":{"rendered":"<p>La SCUOLA TENNIS settore Agonistico e Pre-Agonistico comincer\u00e0 da luned\u00ec 1 ottobre e le iscrizioni sono aperte fino al termine del corso gratuito (si consiglia di inviare la propria iscrizione in ogni caso al pi\u00f9 presto possibile).<\/p>\n<p><strong>Per agevolare l\u2019organizzazione dei corsi ed offrirvi un servizio qualitativo di alto livello, Vi chiediamo, di indicare il\u00a0<\/strong><strong>MAGGIOR NUMERO di possibilit\u00e0<\/strong><strong>\u00a0di frequenza all\u2019interno delle fasce orarie (<em><u>MINIMO QUATTRO SCELTE<\/u><\/em>) per rendere pi\u00f9 agevole la partecipazione dei Vostri figli. Una pi\u00f9 ampia e differenziata scelta garantir\u00e0 la formazione di gruppi pi\u00f9 omogenei, per et\u00e0 e per livello, allo scopo di sviluppare al meglio le potenzialit\u00e0 di ogni allievo.\u00a0<\/strong><\/p>\n<p><strong><em><u>Selezionate per cui tutti gli orari disponibili, scartando solo gli orari di effettiva impossibilit<\/u><span style=\"text-decoration: underline;\">\u00e0,\u00a0<\/span><\/em><\/strong><em><span style=\"text-decoration: underline;\"><strong>indicandoci nelle note eventuali preferenze di orario o altro.<\/strong><\/span><\/em><\/p>\n\n","protected":false},"excerpt":{"rendered":"<p>La SCUOLA TENNIS settore Agonistico e Pre-Agonistico comincer\u00e0 da luned\u00ec 1 ottobre e le iscrizioni sono aperte fino al termine del corso gratuito (si consiglia di inviare la propria iscrizione in ogni caso al pi\u00f9 presto possibile). Per agevolare l\u2019organizzazione&#8230; <a class=\"more-link\" href=\"https:\/\/sporting.co.it\/index.php\/modulo-iscrizione-settore-agonistico-e-pre-agonistico\/\">Continua a leggere &rarr;<\/a><\/p>\n","protected":false},"author":1,"featured_media":0,"parent":0,"menu_order":0,"comment_status":"closed","ping_status":"closed","template":"template-nosidebar.php","meta":{"_crdt_document":"","_exactmetrics_skip_tracking":false,"_exactmetrics_sitenote_active":false,"_exactmetrics_sitenote_note":"","_exactmetrics_sitenote_category":0,"ngg_post_thumbnail":0,"_joinchat":[],"footnotes":""},"class_list":["post-135","page","type-page","status-publish","hentry"],"yoast_head":"<!-- This site is optimized with the Yoast SEO plugin v27.5 - https:\/\/yoast.com\/product\/yoast-seo-wordpress\/ -->\n<title>Modulo Iscrizione Settore Agonistico e Pre-Agonistico - Sporting Faloppio - 100% Tennis &amp; Sport<\/title>\n<meta name=\"robots\" content=\"index, follow, max-snippet:-1, max-image-preview:large, max-video-preview:-1\" \/>\n<link rel=\"canonical\" href=\"https:\/\/sporting.co.it\/index.php\/modulo-iscrizione-settore-agonistico-e-pre-agonistico\/\" \/>\n<meta property=\"og:locale\" content=\"it_IT\" \/>\n<meta property=\"og:type\" content=\"article\" \/>\n<meta property=\"og:title\" content=\"Modulo Iscrizione Settore Agonistico e Pre-Agonistico - Sporting Faloppio - 100% Tennis &amp; Sport\" \/>\n<meta property=\"og:description\" content=\"La SCUOLA TENNIS settore Agonistico e Pre-Agonistico comincer\u00e0 da luned\u00ec 1 ottobre e le iscrizioni sono aperte fino al termine del corso gratuito (si consiglia di inviare la propria iscrizione in ogni caso al pi\u00f9 presto possibile). Per agevolare l\u2019organizzazione... Continua a leggere &rarr;\" \/>\n<meta property=\"og:url\" content=\"https:\/\/sporting.co.it\/index.php\/modulo-iscrizione-settore-agonistico-e-pre-agonistico\/\" \/>\n<meta property=\"og:site_name\" content=\"Sporting Faloppio - 100% Tennis &amp; Sport\" \/>\n<meta property=\"article:publisher\" content=\"https:\/\/www.facebook.com\/sportingclubfaloppio\/\" \/>\n<meta property=\"article:modified_time\" content=\"2018-07-27T08:10:06+00:00\" \/>\n<meta name=\"twitter:card\" content=\"summary_large_image\" \/>\n<meta name=\"twitter:label1\" content=\"Tempo di lettura stimato\" \/>\n\t<meta name=\"twitter:data1\" content=\"1 minuto\" \/>\n<script type=\"application\/ld+json\" class=\"yoast-schema-graph\">{\"@context\":\"https:\\\/\\\/schema.org\",\"@graph\":[{\"@type\":\"WebPage\",\"@id\":\"https:\\\/\\\/sporting.co.it\\\/index.php\\\/modulo-iscrizione-settore-agonistico-e-pre-agonistico\\\/\",\"url\":\"https:\\\/\\\/sporting.co.it\\\/index.php\\\/modulo-iscrizione-settore-agonistico-e-pre-agonistico\\\/\",\"name\":\"Modulo Iscrizione Settore Agonistico e Pre-Agonistico - Sporting Faloppio - 100% Tennis &amp; Sport\",\"isPartOf\":{\"@id\":\"https:\\\/\\\/sporting.co.it\\\/#website\"},\"datePublished\":\"2018-07-26T12:49:47+00:00\",\"dateModified\":\"2018-07-27T08:10:06+00:00\",\"breadcrumb\":{\"@id\":\"https:\\\/\\\/sporting.co.it\\\/index.php\\\/modulo-iscrizione-settore-agonistico-e-pre-agonistico\\\/#breadcrumb\"},\"inLanguage\":\"it-IT\",\"potentialAction\":[{\"@type\":\"ReadAction\",\"target\":[\"https:\\\/\\\/sporting.co.it\\\/index.php\\\/modulo-iscrizione-settore-agonistico-e-pre-agonistico\\\/\"]}]},{\"@type\":\"BreadcrumbList\",\"@id\":\"https:\\\/\\\/sporting.co.it\\\/index.php\\\/modulo-iscrizione-settore-agonistico-e-pre-agonistico\\\/#breadcrumb\",\"itemListElement\":[{\"@type\":\"ListItem\",\"position\":1,\"name\":\"Home\",\"item\":\"https:\\\/\\\/sporting.co.it\\\/\"},{\"@type\":\"ListItem\",\"position\":2,\"name\":\"Modulo Iscrizione Settore Agonistico e Pre-Agonistico\"}]},{\"@type\":\"WebSite\",\"@id\":\"https:\\\/\\\/sporting.co.it\\\/#website\",\"url\":\"https:\\\/\\\/sporting.co.it\\\/\",\"name\":\"Sporting Faloppio - 100% Tennis e Sport\",\"description\":\"\",\"publisher\":{\"@id\":\"https:\\\/\\\/sporting.co.it\\\/#organization\"},\"potentialAction\":[{\"@type\":\"SearchAction\",\"target\":{\"@type\":\"EntryPoint\",\"urlTemplate\":\"https:\\\/\\\/sporting.co.it\\\/?s={search_term_string}\"},\"query-input\":{\"@type\":\"PropertyValueSpecification\",\"valueRequired\":true,\"valueName\":\"search_term_string\"}}],\"inLanguage\":\"it-IT\"},{\"@type\":\"Organization\",\"@id\":\"https:\\\/\\\/sporting.co.it\\\/#organization\",\"name\":\"Sporting Faloppio\",\"url\":\"https:\\\/\\\/sporting.co.it\\\/\",\"logo\":{\"@type\":\"ImageObject\",\"inLanguage\":\"it-IT\",\"@id\":\"https:\\\/\\\/sporting.co.it\\\/#\\\/schema\\\/logo\\\/image\\\/\",\"url\":\"https:\\\/\\\/sporting.co.it\\\/wp-content\\\/uploads\\\/2018\\\/08\\\/ball-court-exercise-7753.jpg\",\"contentUrl\":\"https:\\\/\\\/sporting.co.it\\\/wp-content\\\/uploads\\\/2018\\\/08\\\/ball-court-exercise-7753.jpg\",\"width\":3264,\"height\":2448,\"caption\":\"Sporting Faloppio\"},\"image\":{\"@id\":\"https:\\\/\\\/sporting.co.it\\\/#\\\/schema\\\/logo\\\/image\\\/\"},\"sameAs\":[\"https:\\\/\\\/www.facebook.com\\\/sportingclubfaloppio\\\/\"]}]}<\/script>\n<!-- \/ Yoast SEO plugin. -->","yoast_head_json":{"title":"Modulo Iscrizione Settore Agonistico e Pre-Agonistico - Sporting Faloppio - 100% Tennis &amp; Sport","robots":{"index":"index","follow":"follow","max-snippet":"max-snippet:-1","max-image-preview":"max-image-preview:large","max-video-preview":"max-video-preview:-1"},"canonical":"https:\/\/sporting.co.it\/index.php\/modulo-iscrizione-settore-agonistico-e-pre-agonistico\/","og_locale":"it_IT","og_type":"article","og_title":"Modulo Iscrizione Settore Agonistico e Pre-Agonistico - Sporting Faloppio - 100% Tennis &amp; Sport","og_description":"La SCUOLA TENNIS settore Agonistico e Pre-Agonistico comincer\u00e0 da luned\u00ec 1 ottobre e le iscrizioni sono aperte fino al termine del corso gratuito (si consiglia di inviare la propria iscrizione in ogni caso al pi\u00f9 presto possibile). Per agevolare l\u2019organizzazione... Continua a leggere &rarr;","og_url":"https:\/\/sporting.co.it\/index.php\/modulo-iscrizione-settore-agonistico-e-pre-agonistico\/","og_site_name":"Sporting Faloppio - 100% Tennis &amp; Sport","article_publisher":"https:\/\/www.facebook.com\/sportingclubfaloppio\/","article_modified_time":"2018-07-27T08:10:06+00:00","twitter_card":"summary_large_image","twitter_misc":{"Tempo di lettura stimato":"1 minuto"},"schema":{"@context":"https:\/\/schema.org","@graph":[{"@type":"WebPage","@id":"https:\/\/sporting.co.it\/index.php\/modulo-iscrizione-settore-agonistico-e-pre-agonistico\/","url":"https:\/\/sporting.co.it\/index.php\/modulo-iscrizione-settore-agonistico-e-pre-agonistico\/","name":"Modulo Iscrizione Settore Agonistico e Pre-Agonistico - Sporting Faloppio - 100% Tennis &amp; Sport","isPartOf":{"@id":"https:\/\/sporting.co.it\/#website"},"datePublished":"2018-07-26T12:49:47+00:00","dateModified":"2018-07-27T08:10:06+00:00","breadcrumb":{"@id":"https:\/\/sporting.co.it\/index.php\/modulo-iscrizione-settore-agonistico-e-pre-agonistico\/#breadcrumb"},"inLanguage":"it-IT","potentialAction":[{"@type":"ReadAction","target":["https:\/\/sporting.co.it\/index.php\/modulo-iscrizione-settore-agonistico-e-pre-agonistico\/"]}]},{"@type":"BreadcrumbList","@id":"https:\/\/sporting.co.it\/index.php\/modulo-iscrizione-settore-agonistico-e-pre-agonistico\/#breadcrumb","itemListElement":[{"@type":"ListItem","position":1,"name":"Home","item":"https:\/\/sporting.co.it\/"},{"@type":"ListItem","position":2,"name":"Modulo Iscrizione Settore Agonistico e Pre-Agonistico"}]},{"@type":"WebSite","@id":"https:\/\/sporting.co.it\/#website","url":"https:\/\/sporting.co.it\/","name":"Sporting Faloppio - 100% Tennis e Sport","description":"","publisher":{"@id":"https:\/\/sporting.co.it\/#organization"},"potentialAction":[{"@type":"SearchAction","target":{"@type":"EntryPoint","urlTemplate":"https:\/\/sporting.co.it\/?s={search_term_string}"},"query-input":{"@type":"PropertyValueSpecification","valueRequired":true,"valueName":"search_term_string"}}],"inLanguage":"it-IT"},{"@type":"Organization","@id":"https:\/\/sporting.co.it\/#organization","name":"Sporting Faloppio","url":"https:\/\/sporting.co.it\/","logo":{"@type":"ImageObject","inLanguage":"it-IT","@id":"https:\/\/sporting.co.it\/#\/schema\/logo\/image\/","url":"https:\/\/sporting.co.it\/wp-content\/uploads\/2018\/08\/ball-court-exercise-7753.jpg","contentUrl":"https:\/\/sporting.co.it\/wp-content\/uploads\/2018\/08\/ball-court-exercise-7753.jpg","width":3264,"height":2448,"caption":"Sporting Faloppio"},"image":{"@id":"https:\/\/sporting.co.it\/#\/schema\/logo\/image\/"},"sameAs":["https:\/\/www.facebook.com\/sportingclubfaloppio\/"]}]}},"_links":{"self":[{"href":"https:\/\/sporting.co.it\/index.php\/wp-json\/wp\/v2\/pages\/135","targetHints":{"allow":["GET"]}}],"collection":[{"href":"https:\/\/sporting.co.it\/index.php\/wp-json\/wp\/v2\/pages"}],"about":[{"href":"https:\/\/sporting.co.it\/index.php\/wp-json\/wp\/v2\/types\/page"}],"author":[{"embeddable":true,"href":"https:\/\/sporting.co.it\/index.php\/wp-json\/wp\/v2\/users\/1"}],"replies":[{"embeddable":true,"href":"https:\/\/sporting.co.it\/index.php\/wp-json\/wp\/v2\/comments?post=135"}],"version-history":[{"count":4,"href":"https:\/\/sporting.co.it\/index.php\/wp-json\/wp\/v2\/pages\/135\/revisions"}],"predecessor-version":[{"id":164,"href":"https:\/\/sporting.co.it\/index.php\/wp-json\/wp\/v2\/pages\/135\/revisions\/164"}],"wp:attachment":[{"href":"https:\/\/sporting.co.it\/index.php\/wp-json\/wp\/v2\/media?parent=135"}],"curies":[{"name":"wp","href":"https:\/\/api.w.org\/{rel}","templated":true}]}}